{"id":717,"date":"2017-01-19T18:48:06","date_gmt":"2017-01-19T18:48:06","guid":{"rendered":"http:\/\/saec.sp.gov.br\/?page_id=717"},"modified":"2024-02-27T10:41:18","modified_gmt":"2024-02-27T13:41:18","slug":"legislacao","status":"publish","type":"page","link":"http:\/\/saec.sp.gov.br\/index.php\/legislacao\/","title":{"rendered":"Legisla\u00e7\u00e3o"},"content":{"rendered":"\r\n<p><strong><em>Principais Legisla\u00e7\u00f5es referentes \u00e0s Licita\u00e7\u00f5es:<\/em><\/strong><\/p>\r\n<ul>\r\n<li><a href=\"http:\/\/www.planalto.gov.br\/ccivil_03\/leis\/l8666cons.htm\"><strong>Lei de Licita\u00e7\u00f5es e Contratos da Administra\u00e7\u00e3o P\u00fablica:\u00a0<\/strong><\/a><\/li>\r\n<li><a href=\"http:\/\/www.planalto.gov.br\/ccivil_03\/LEIS\/2002\/L10520.htm\"><strong>Lei\u00a0 do Preg\u00e3o para Aquisi\u00e7\u00e3o de Bens e Servi\u00e7os Comuns<\/strong><\/a><\/li>\r\n<li><a href=\"http:\/\/www.planalto.gov.br\/ccivil_03\/_Ato2019-2022\/2019\/Decreto\/D10024.htm\"><strong>Regulamenta o Preg\u00e3o na Forma Eletr\u00f4nica para Aquisi\u00e7\u00e3o de Bens e Servi\u00e7os Comuns<\/strong><\/a><\/li>\r\n<li><a href=\"http:\/\/www.planalto.gov.br\/ccivil_03\/leis\/lcp\/lcp123.htm\"><strong>Institui o Estatuto Nacional da Microempresa e da Empresa de Pequeno Porte<\/strong><\/a><\/li>\r\n<li><a href=\"http:\/\/www.planalto.gov.br\/ccivil_03\/_ato2011-2014\/2013\/decreto\/d7892.htm\"><strong>Regulamenta o Sistema de Registro de Pre\u00e7os previsto no art.15 da Lei 8666,de 21\/06\/1993<\/strong><\/a><\/li>\r\n<li><strong><a href=\"http:\/\/www.planalto.gov.br\/ccivil_03\/_Ato2019-2022\/2021\/Lei\/L14133.htm#art193\">Nova Lei de Licita\u00e7\u00f5es e Contratos da Administra\u00e7\u00e3o P\u00fablica:<\/a>\u00a0<\/strong><\/li>\r\n<li><strong><a href=\"http:\/\/saec.sp.gov.br\/wp-content\/uploads\/2024\/02\/PORTARIA-043-REGULAMENTA-A-LEI-14133-21.pdf\" target=\"_blank\" rel=\"noopener\">Portaria 043\/2024<\/a><\/strong><\/li>\r\n<\/ul>\r\n<p>&nbsp;<\/p>\r\n","protected":false},"excerpt":{"rendered":"","protected":false},"author":15,"featured_media":0,"parent":0,"menu_order":0,"comment_status":"closed","ping_status":"closed","template":"","meta":{"footnotes":""},"yoast_head":"<!-- This site is optimized with the Yoast SEO plugin v15.3 - https:\/\/yoast.com\/wordpress\/plugins\/seo\/ -->\n<title>Legisla\u00e7\u00e3o - SAEC Superintendencia de Agua e Esgoto de Catanduva<\/title>\n<meta name=\"robots\" content=\"index, follow, max-snippet:-1, max-image-preview:large, max-video-preview:-1\" \/>\n<link rel=\"canonical\" href=\"http:\/\/saec.sp.gov.br\/index.php\/legislacao\/\" \/>\n<meta property=\"og:locale\" content=\"pt_BR\" \/>\n<meta property=\"og:type\" content=\"article\" \/>\n<meta property=\"og:title\" content=\"Legisla\u00e7\u00e3o - SAEC Superintendencia de Agua e Esgoto de Catanduva\" \/>\n<meta property=\"og:url\" content=\"http:\/\/saec.sp.gov.br\/index.php\/legislacao\/\" \/>\n<meta property=\"og:site_name\" content=\"SAEC Superintendencia de Agua e Esgoto de Catanduva\" \/>\n<meta property=\"article:modified_time\" content=\"2024-02-27T13:41:18+00:00\" \/>\n<meta name=\"twitter:card\" content=\"summary\" \/>\n<meta name=\"twitter:label1\" content=\"Written by\">\n\t<meta name=\"twitter:data1\" content=\"Paulo\">\n\t<meta name=\"twitter:label2\" content=\"Est. reading time\">\n\t<meta name=\"twitter:data2\" content=\"0 minuto\">\n<script type=\"application\/ld+json\" class=\"yoast-schema-graph\">{\"@context\":\"https:\/\/schema.org\",\"@graph\":[{\"@type\":\"WebSite\",\"@id\":\"http:\/\/saec.sp.gov.br\/#website\",\"url\":\"http:\/\/saec.sp.gov.br\/\",\"name\":\"SAEC Superintendencia de Agua e Esgoto de Catanduva\",\"description\":\"SAEC\",\"potentialAction\":[{\"@type\":\"SearchAction\",\"target\":\"http:\/\/saec.sp.gov.br\/?s={search_term_string}\",\"query-input\":\"required name=search_term_string\"}],\"inLanguage\":\"pt-BR\"},{\"@type\":\"WebPage\",\"@id\":\"http:\/\/saec.sp.gov.br\/index.php\/legislacao\/#webpage\",\"url\":\"http:\/\/saec.sp.gov.br\/index.php\/legislacao\/\",\"name\":\"Legisla\\u00e7\\u00e3o - SAEC Superintendencia de Agua e Esgoto de Catanduva\",\"isPartOf\":{\"@id\":\"http:\/\/saec.sp.gov.br\/#website\"},\"datePublished\":\"2017-01-19T18:48:06+00:00\",\"dateModified\":\"2024-02-27T13:41:18+00:00\",\"inLanguage\":\"pt-BR\",\"potentialAction\":[{\"@type\":\"ReadAction\",\"target\":[\"http:\/\/saec.sp.gov.br\/index.php\/legislacao\/\"]}]}]}<\/script>\n<!-- \/ Yoast SEO plugin. -->","amp_validity":null,"amp_enabled":true,"_links":{"self":[{"href":"http:\/\/saec.sp.gov.br\/index.php\/wp-json\/wp\/v2\/pages\/717"}],"collection":[{"href":"http:\/\/saec.sp.gov.br\/index.php\/wp-json\/wp\/v2\/pages"}],"about":[{"href":"http:\/\/saec.sp.gov.br\/index.php\/wp-json\/wp\/v2\/types\/page"}],"author":[{"embeddable":true,"href":"http:\/\/saec.sp.gov.br\/index.php\/wp-json\/wp\/v2\/users\/15"}],"replies":[{"embeddable":true,"href":"http:\/\/saec.sp.gov.br\/index.php\/wp-json\/wp\/v2\/comments?post=717"}],"version-history":[{"count":5,"href":"http:\/\/saec.sp.gov.br\/index.php\/wp-json\/wp\/v2\/pages\/717\/revisions"}],"predecessor-version":[{"id":8313,"href":"http:\/\/saec.sp.gov.br\/index.php\/wp-json\/wp\/v2\/pages\/717\/revisions\/8313"}],"wp:attachment":[{"href":"http:\/\/saec.sp.gov.br\/index.php\/wp-json\/wp\/v2\/media?parent=717"}],"curies":[{"name":"wp","href":"https:\/\/api.w.org\/{rel}","templated":true}]}}