{"id":10641,"date":"2025-07-21T10:32:56","date_gmt":"2025-07-21T13:32:56","guid":{"rendered":"https:\/\/saec.sp.gov.br\/?page_id=10641"},"modified":"2025-07-21T10:44:10","modified_gmt":"2025-07-21T13:44:10","slug":"10641-2","status":"publish","type":"page","link":"https:\/\/saec.sp.gov.br\/index.php\/10641-2\/","title":{"rendered":"CALL CENTER DA SAEC"},"content":{"rendered":"<div class=\"xdj266r x14z9mp xat24cr x1lziwak x1vvkbs x126k92a\"><\/div>\n<div class=\"x14z9mp xat24cr x1lziwak x1vvkbs xtlvy1s x126k92a\">\n<div dir=\"auto\"><img loading=\"lazy\" decoding=\"async\" class=\"xz74otr x15mokao x1ga7v0g x16uus16 xbiv7yw lazyload\" src=\"data:image\/gif;base64,R0lGODlhAQABAAAAACH5BAEKAAEALAAAAAABAAEAAAICTAEAOw==\" data-src=\"https:\/\/static.xx.fbcdn.net\/images\/emoji.php\/v9\/t4d\/1\/16\/1f4de.png\" alt=\"\ud83d\udcde\" width=\"16\" height=\"16\" \/>\u00a0Sabadou com atendimento. O Call Center da Saec est\u00e1 prontinho pra te atender!<\/div>\n<\/div>\n<div class=\"x14z9mp xat24cr x1lziwak x1vvkbs xtlvy1s x126k92a\">\n<div dir=\"auto\"><\/div>\n<div dir=\"auto\"><span class=\"html-span xexx8yu xyri2b x18d9i69 x1c1uobl x1hl2dhg x16tdsg8 x1vvkbs x3nfvp2 x1j61x8r x1fcty0u xdj266r xat24cr xm2jcoa x1mpyi22 xxymvpz xlup9mm x1kky2od\"><img loading=\"lazy\" decoding=\"async\" class=\"xz74otr x15mokao x1ga7v0g x16uus16 xbiv7yw lazyload\" src=\"data:image\/gif;base64,R0lGODlhAQABAAAAACH5BAEKAAEALAAAAAABAAEAAAICTAEAOw==\" data-src=\"https:\/\/static.xx.fbcdn.net\/images\/emoji.php\/v9\/t6e\/1\/16\/1f4ac.png\" alt=\"\ud83d\udcac\" width=\"16\" height=\"16\" \/><\/span> D\u00favidas, sugest\u00f5es, informa\u00e7\u00f5es ou reclama\u00e7\u00f5es?<\/div>\n<div dir=\"auto\"><\/div>\n<div dir=\"auto\">\u00c9 s\u00f3 ligar: 0800 723 0602<\/div>\n<\/div>\n<div class=\"x14z9mp xat24cr x1lziwak x1vvkbs xtlvy1s x126k92a\">\n<div dir=\"auto\"><\/div>\n<div dir=\"auto\"><span class=\"html-span xexx8yu xyri2b x18d9i69 x1c1uobl x1hl2dhg x16tdsg8 x1vvkbs x3nfvp2 x1j61x8r x1fcty0u xdj266r xat24cr xm2jcoa x1mpyi22 xxymvpz xlup9mm x1kky2od\"><img loading=\"lazy\" decoding=\"async\" class=\"xz74otr x15mokao x1ga7v0g x16uus16 xbiv7yw lazyload\" src=\"data:image\/gif;base64,R0lGODlhAQABAAAAACH5BAEKAAEALAAAAAABAAEAAAICTAEAOw==\" data-src=\"https:\/\/static.xx.fbcdn.net\/images\/emoji.php\/v9\/ta8\/1\/16\/1f550.png\" alt=\"\ud83d\udd50\" width=\"16\" height=\"16\" \/><\/span> Atendimento:<\/div>\n<div dir=\"auto\"><span class=\"html-span xexx8yu xyri2b x18d9i69 x1c1uobl x1hl2dhg x16tdsg8 x1vvkbs x3nfvp2 x1j61x8r x1fcty0u xdj266r xat24cr xm2jcoa x1mpyi22 xxymvpz xlup9mm x1kky2od\"><img loading=\"lazy\" decoding=\"async\" class=\"xz74otr x15mokao x1ga7v0g x16uus16 xbiv7yw lazyload\" src=\"data:image\/gif;base64,R0lGODlhAQABAAAAACH5BAEKAAEALAAAAAABAAEAAAICTAEAOw==\" data-src=\"https:\/\/static.xx.fbcdn.net\/images\/emoji.php\/v9\/t9e\/1\/16\/27a1.png\" alt=\"\u27a1\ufe0f\" width=\"16\" height=\"16\" \/><\/span> Segunda a sexta: 7h \u00e0s 19h<\/div>\n<div dir=\"auto\"><span class=\"html-span xexx8yu xyri2b x18d9i69 x1c1uobl x1hl2dhg x16tdsg8 x1vvkbs x3nfvp2 x1j61x8r x1fcty0u xdj266r xat24cr xm2jcoa x1mpyi22 xxymvpz xlup9mm x1kky2od\"><img loading=\"lazy\" decoding=\"async\" class=\"xz74otr x15mokao x1ga7v0g x16uus16 xbiv7yw lazyload\" src=\"data:image\/gif;base64,R0lGODlhAQABAAAAACH5BAEKAAEALAAAAAABAAEAAAICTAEAOw==\" data-src=\"https:\/\/static.xx.fbcdn.net\/images\/emoji.php\/v9\/t9e\/1\/16\/27a1.png\" alt=\"\u27a1\ufe0f\" width=\"16\" height=\"16\" \/><\/span> S\u00e1bado: 7h \u00e0s 13h<\/div>\n<\/div>\n<div class=\"x14z9mp xat24cr x1lziwak x1vvkbs xtlvy1s x126k92a\">\n<div dir=\"auto\"><\/div>\n<div dir=\"auto\">Estamos aqui por voc\u00ea.<\/div>\n<div dir=\"auto\"><\/div>\n<\/div>\n<div dir=\"auto\">\n<p>Liga\u00e7\u00e3o gratuita e atendimento de segunda a segunda! A Superintend\u00eancia de \u00c1gua e Esgoto de Catanduva (SAEC) acaba de lan\u00e7ar o atendimento do Call Center pelo telefone 0800 723 06 02.<\/p>\n<p>O canal de comunica\u00e7\u00e3o funciona das 7 \u00e0s 20 horas de segunda a sexta e das 7 \u00e0s 17 horas aos s\u00e1bados. Nos domingos e feriados, o atendimento \u00e9 das 7 \u00e0s 12 horas. O servi\u00e7o auxilia os profissionais da autarquia, nos trabalhos de rotina e tamb\u00e9m nos plant\u00f5es. O que agiliza no atendimento de eventuais vazamentos, al\u00e9m de tirar todas as d\u00favidas dos contribuintes sobre tarifa de \u00e1gua, taxa de lixo e do Programa de Recupera\u00e7\u00e3o Fiscal, o REFIS 2021.<\/p>\n<\/div>\n","protected":false},"excerpt":{"rendered":"<p>\u00a0Sabadou com atendimento. O Call Center da Saec est\u00e1 prontinho pra te atender! D\u00favidas, sugest\u00f5es, informa\u00e7\u00f5es ou reclama\u00e7\u00f5es? \u00c9 s\u00f3 ligar: 0800 723 0602 Atendimento: Segunda a sexta: 7h \u00e0s 19h S\u00e1bado: 7h \u00e0s 13h Estamos aqui por voc\u00ea. Liga\u00e7\u00e3o gratuita e atendimento de segunda a segunda! A Superintend\u00eancia de \u00c1gua e Esgoto de Catanduva [&hellip;]<\/p>\n","protected":false},"author":14,"featured_media":10635,"parent":0,"menu_order":0,"comment_status":"closed","ping_status":"closed","template":"","meta":{"footnotes":""},"yoast_head":"<!-- This site is optimized with the Yoast SEO plugin v15.3 - https:\/\/yoast.com\/wordpress\/plugins\/seo\/ -->\n<title>CALL CENTER DA SAEC - SAEC Superintendencia de Agua e Esgoto de Catanduva<\/title>\n<meta name=\"robots\" content=\"index, follow, max-snippet:-1, max-image-preview:large, max-video-preview:-1\" \/>\n<link rel=\"canonical\" href=\"https:\/\/saec.sp.gov.br\/index.php\/10641-2\/\" \/>\n<meta property=\"og:locale\" content=\"pt_BR\" \/>\n<meta property=\"og:type\" content=\"article\" \/>\n<meta property=\"og:title\" content=\"CALL CENTER DA SAEC - SAEC Superintendencia de Agua e Esgoto de Catanduva\" \/>\n<meta property=\"og:description\" content=\"\u00a0Sabadou com atendimento. O Call Center da Saec est\u00e1 prontinho pra te atender! D\u00favidas, sugest\u00f5es, informa\u00e7\u00f5es ou reclama\u00e7\u00f5es? \u00c9 s\u00f3 ligar: 0800 723 0602 Atendimento: Segunda a sexta: 7h \u00e0s 19h S\u00e1bado: 7h \u00e0s 13h Estamos aqui por voc\u00ea. Liga\u00e7\u00e3o gratuita e atendimento de segunda a segunda! A Superintend\u00eancia de \u00c1gua e Esgoto de Catanduva [&hellip;]\" \/>\n<meta property=\"og:url\" content=\"https:\/\/saec.sp.gov.br\/index.php\/10641-2\/\" \/>\n<meta property=\"og:site_name\" content=\"SAEC Superintendencia de Agua e Esgoto de Catanduva\" \/>\n<meta property=\"article:modified_time\" content=\"2025-07-21T13:44:10+00:00\" \/>\n<meta property=\"og:image\" content=\"https:\/\/saec.sp.gov.br\/wp-content\/uploads\/2025\/07\/site-9.jpg\" \/>\n\t<meta property=\"og:image:width\" content=\"952\" \/>\n\t<meta property=\"og:image:height\" content=\"524\" \/>\n<meta name=\"twitter:card\" content=\"summary\" \/>\n<meta name=\"twitter:label1\" content=\"Written by\">\n\t<meta name=\"twitter:data1\" content=\"Vtec Infra\">\n\t<meta name=\"twitter:label2\" content=\"Est. reading time\">\n\t<meta name=\"twitter:data2\" content=\"1 minuto\">\n<script type=\"application\/ld+json\" class=\"yoast-schema-graph\">{\"@context\":\"https:\/\/schema.org\",\"@graph\":[{\"@type\":\"WebSite\",\"@id\":\"https:\/\/saec.sp.gov.br\/#website\",\"url\":\"https:\/\/saec.sp.gov.br\/\",\"name\":\"SAEC Superintendencia de Agua e Esgoto de Catanduva\",\"description\":\"SAEC\",\"potentialAction\":[{\"@type\":\"SearchAction\",\"target\":\"https:\/\/saec.sp.gov.br\/?s={search_term_string}\",\"query-input\":\"required name=search_term_string\"}],\"inLanguage\":\"pt-BR\"},{\"@type\":\"ImageObject\",\"@id\":\"https:\/\/saec.sp.gov.br\/index.php\/10641-2\/#primaryimage\",\"inLanguage\":\"pt-BR\",\"url\":\"https:\/\/saec.sp.gov.br\/wp-content\/uploads\/2025\/07\/site-9.jpg\",\"width\":952,\"height\":524},{\"@type\":\"WebPage\",\"@id\":\"https:\/\/saec.sp.gov.br\/index.php\/10641-2\/#webpage\",\"url\":\"https:\/\/saec.sp.gov.br\/index.php\/10641-2\/\",\"name\":\"CALL CENTER DA SAEC - SAEC Superintendencia de Agua e Esgoto de Catanduva\",\"isPartOf\":{\"@id\":\"https:\/\/saec.sp.gov.br\/#website\"},\"primaryImageOfPage\":{\"@id\":\"https:\/\/saec.sp.gov.br\/index.php\/10641-2\/#primaryimage\"},\"datePublished\":\"2025-07-21T13:32:56+00:00\",\"dateModified\":\"2025-07-21T13:44:10+00:00\",\"inLanguage\":\"pt-BR\",\"potentialAction\":[{\"@type\":\"ReadAction\",\"target\":[\"https:\/\/saec.sp.gov.br\/index.php\/10641-2\/\"]}]}]}<\/script>\n<!-- \/ Yoast SEO plugin. -->","amp_validity":null,"amp_enabled":true,"_links":{"self":[{"href":"https:\/\/saec.sp.gov.br\/index.php\/wp-json\/wp\/v2\/pages\/10641"}],"collection":[{"href":"https:\/\/saec.sp.gov.br\/index.php\/wp-json\/wp\/v2\/pages"}],"about":[{"href":"https:\/\/saec.sp.gov.br\/index.php\/wp-json\/wp\/v2\/types\/page"}],"author":[{"embeddable":true,"href":"https:\/\/saec.sp.gov.br\/index.php\/wp-json\/wp\/v2\/users\/14"}],"replies":[{"embeddable":true,"href":"https:\/\/saec.sp.gov.br\/index.php\/wp-json\/wp\/v2\/comments?post=10641"}],"version-history":[{"count":4,"href":"https:\/\/saec.sp.gov.br\/index.php\/wp-json\/wp\/v2\/pages\/10641\/revisions"}],"predecessor-version":[{"id":10646,"href":"https:\/\/saec.sp.gov.br\/index.php\/wp-json\/wp\/v2\/pages\/10641\/revisions\/10646"}],"wp:featuredmedia":[{"embeddable":true,"href":"https:\/\/saec.sp.gov.br\/index.php\/wp-json\/wp\/v2\/media\/10635"}],"wp:attachment":[{"href":"https:\/\/saec.sp.gov.br\/index.php\/wp-json\/wp\/v2\/media?parent=10641"}],"curies":[{"name":"wp","href":"https:\/\/api.w.org\/{rel}","templated":true}]}}