{"id":2223,"date":"2019-09-27T17:30:24","date_gmt":"2019-09-27T17:30:24","guid":{"rendered":"http:\/\/saec.sp.gov.br\/?page_id=2223"},"modified":"2024-03-28T08:58:40","modified_gmt":"2024-03-28T11:58:40","slug":"plano-integrado-de-saneamento-basico-de-catanduva-revisao-e-atualizacao-2019","status":"publish","type":"page","link":"https:\/\/saec.sp.gov.br\/index.php\/plano-integrado-de-saneamento-basico-de-catanduva-revisao-e-atualizacao-2019\/","title":{"rendered":"PLANO MUNICIPAL DE RES\u00cdDUOS S\u00d3LIDOS DE CATANDUVA &#8211; ATUALIZA\u00c7\u00c3O  2024"},"content":{"rendered":"<p>&nbsp;<\/p>\n<p><a href=\"http:\/\/saec.sp.gov.br\/wp-content\/uploads\/2024\/03\/Plano-Municipal-de-Residuos-Solidos-de-Catanduva-Atualizacao-2024.pdf\">PLANO MUNICIPAL DE RES\u00cdDUOS S\u00d3LIDOS DE CATANDUVA &#8211; ATUALIZA\u00c7\u00c3O 2024<\/a><\/p>\n<p>&#8212;&#8212;&#8212;&#8212;&#8212;&#8212;&#8212;&#8212;&#8212;&#8212;&#8212;&#8212;&#8212;&#8212;&#8212;&#8212;&#8212;&#8212;&#8212;&#8212;&#8212;&#8212;&#8211;<\/p>\n<h2>PLANO INTEGRADO DE SANEAMENTO B\u00c1SICO DE CATANDUVA REVIS\u00c3O E ATUALIZA\u00c7\u00c3O<\/h2>\n<p>Relat\u00f3rios Finais<\/p>\n<p><a href=\"http:\/\/saec.sp.gov.br\/wp-content\/uploads\/2019\/09\/Arq.01-Relat\u00f3rio-N.\u00ba-01-Plano-de-Trabalho-e-Dados-Municipais.pdf\">arq-01-relatorio-n-o-01-plano-de-trabalho-e-dados-municipais<\/a><\/p>\n<p><a href=\"http:\/\/saec.sp.gov.br\/wp-content\/uploads\/2019\/09\/Arq.02-Relat\u00f3rio-N.\u00ba-02-Diagn\u00f3stico-e-Audi\u00eancia-1.pdf\">arq-<\/a><a href=\"http:\/\/saec.sp.gov.br\/wp-content\/uploads\/2019\/09\/Arq.02-Relat\u00f3rio-N.\u00ba-02-Diagn\u00f3stico-e-Audi\u00eancia-1.pdf\">02-relatorio-n-o-02-diagnostico-e-audiencia-1<\/a><\/p>\n<p><a href=\"http:\/\/saec.sp.gov.br\/wp-content\/uploads\/2019\/09\/Arq.03-Ap.2-Ap\u00eandice-R.2-Primeira-Audi\u00eancia-P\u00fablica.pdf\">arq-<\/a><a href=\"http:\/\/saec.sp.gov.br\/wp-content\/uploads\/2019\/09\/Arq.03-Ap.2-Ap\u00eandice-R.2-Primeira-Audi\u00eancia-P\u00fablica.pdf\">03-ap-2-apendice-r-2-primeira-audiencia-publica<\/a><\/p>\n<p><a href=\"http:\/\/saec.sp.gov.br\/wp-content\/uploads\/2019\/09\/Arq.04-Relat\u00f3rio-N.\u00ba-03-Evolu\u00e7\u00e3o-dos-Servi\u00e7os.pdf\">arq-<\/a><a href=\"http:\/\/saec.sp.gov.br\/wp-content\/uploads\/2019\/09\/Arq.04-Relat\u00f3rio-N.\u00ba-03-Evolu\u00e7\u00e3o-dos-Servi\u00e7os.pdf\">04-relatorio-n-o-03-evolucao-dos-servicos<\/a><\/p>\n<p><a href=\"http:\/\/saec.sp.gov.br\/wp-content\/uploads\/2019\/09\/Arq.05-Relat\u00f3rio-N.\u00ba-04-Progn\u00f3stico-e-Complementos.pdf\">arq-<\/a><a href=\"http:\/\/saec.sp.gov.br\/wp-content\/uploads\/2019\/09\/Arq.05-Relat\u00f3rio-N.\u00ba-04-Progn\u00f3stico-e-Complementos.pdf\">05-relatorio-n-o-04-prognostico-e-complementos<\/a><\/p>\n<p><a href=\"http:\/\/saec.sp.gov.br\/wp-content\/uploads\/2019\/09\/Arq.06-Ap\u00eandice-dos-R.-3-e-R.4-Monitoramento.pdf\">arq-<\/a><a href=\"http:\/\/saec.sp.gov.br\/wp-content\/uploads\/2019\/09\/Arq.06-Ap\u00eandice-dos-R.-3-e-R.4-Monitoramento.pdf\">06-apendice-dos-r-3-e-r-4-monitoramento<\/a><\/p>\n<p><a href=\"http:\/\/saec.sp.gov.br\/wp-content\/uploads\/2019\/09\/Arq.07-Ap.4.1-Ap\u00eandice-A-R.4-Relat\u00f3rio-Fotogr\u00e1fico.pdf\">arq-<\/a><a href=\"http:\/\/saec.sp.gov.br\/wp-content\/uploads\/2019\/09\/Arq.07-Ap.4.1-Ap\u00eandice-A-R.4-Relat\u00f3rio-Fotogr\u00e1fico.pdf\">07-ap-4-1-apendice-a-r-4-relatorio-fotografico<\/a><\/p>\n<p><a href=\"http:\/\/saec.sp.gov.br\/wp-content\/uploads\/2019\/09\/Arq.08-Relat\u00f3rio-N.\u00ba-05-Planejamento-Estrat\u00e9gico.pdf\">arq-<\/a><a href=\"http:\/\/saec.sp.gov.br\/wp-content\/uploads\/2019\/09\/Arq.08-Relat\u00f3rio-N.\u00ba-05-Planejamento-Estrat\u00e9gico.pdf\">08-relatorio-n-o-05-planejamento-estrategico<\/a><\/p>\n<p><a href=\"http:\/\/saec.sp.gov.br\/wp-content\/uploads\/2019\/09\/Arq.09-Ap.5.1-Ap\u00eandice-A-R.5-Atualiza\u00e7\u00e3o-da-Lei-Municipal-de-Saneamento-B\u00e1sico.pdf\">arq-<\/a><a href=\"http:\/\/saec.sp.gov.br\/wp-content\/uploads\/2019\/09\/Arq.09-Ap.5.1-Ap\u00eandice-A-R.5-Atualiza\u00e7\u00e3o-da-Lei-Municipal-de-Saneamento-B\u00e1sico.pdf\">09-ap-5-1-apendice-a-r-5-atualizacao-da-lei-municipal-de-saneamento-basico<\/a><\/p>\n<p><a href=\"http:\/\/saec.sp.gov.br\/wp-content\/uploads\/2019\/09\/Arq.10-Ap.5.2-Ap\u00eandice-B-R.5-Segunda-Audi\u00eancia-P\u00fablica.pdf\">arq-<\/a><a href=\"http:\/\/saec.sp.gov.br\/wp-content\/uploads\/2019\/09\/Arq.10-Ap.5.2-Ap\u00eandice-B-R.5-Segunda-Audi\u00eancia-P\u00fablica.pdf\">10-ap-5-2-apendice-b-r-5-segunda-audiencia-publica<\/a><\/p>\n<p><a href=\"http:\/\/saec.sp.gov.br\/wp-content\/uploads\/2019\/09\/Arq.11-Relat\u00f3rio-N.\u00ba-06-Apresenta\u00e7\u00e3o-do-PISB-2019-\u00e0-C\u00e2mara-Municipal.pdf\">arq-<\/a><a href=\"http:\/\/saec.sp.gov.br\/wp-content\/uploads\/2019\/09\/Arq.11-Relat\u00f3rio-N.\u00ba-06-Apresenta\u00e7\u00e3o-do-PISB-2019-\u00e0-C\u00e2mara-Municipal.pdf\">11-relatorio-n-o-06-apresentacao-do-pisb-2019-a-camara-municipal<\/a><\/p>\n<p><a href=\"http:\/\/saec.sp.gov.br\/wp-content\/uploads\/2019\/09\/Arq.12-Relat\u00f3rio-N.\u00ba-07-Conclus\u00e3o-do-Contrato.pdf\">arq-<\/a><a href=\"http:\/\/saec.sp.gov.br\/wp-content\/uploads\/2019\/09\/Arq.12-Relat\u00f3rio-N.\u00ba-07-Conclus\u00e3o-do-Contrato.pdf\">12-relatorio-n-o-07-conclusao-do-contrato<\/a><\/p>\n<p>&nbsp;<\/p>\n<p>Mapas<\/p>\n<p><a href=\"http:\/\/saec.sp.gov.br\/wp-content\/uploads\/2019\/09\/mapa_18_abastecimento_agua.pdf\">mapa_18_abastecimento_agua<\/a><\/p>\n<p><a href=\"http:\/\/saec.sp.gov.br\/wp-content\/uploads\/2019\/09\/mapa_19_coleta_de_lixo.pdf\">mapa_19_coleta_de_lixo<\/a><\/p>\n<p><a href=\"http:\/\/saec.sp.gov.br\/wp-content\/uploads\/2019\/09\/mapa_20_esgotamento_sanitario.pdf\">mapa_20_esgotamento_sanitario<\/a><a href=\"http:\/\/saec.sp.gov.br\/wp-content\/uploads\/2019\/09\/mapa_28_pd_2011_mapa_de_macrozoneamento.pdf\">mapa_28_pd_2011_<\/a><\/p>\n<p><a href=\"http:\/\/saec.sp.gov.br\/wp-content\/uploads\/2019\/09\/mapa_28_pd_2011_mapa_de_macrozoneamento.pdf\">mapa_de_macrozoneamento<\/a><\/p>\n<p><a href=\"http:\/\/saec.sp.gov.br\/wp-content\/uploads\/2019\/09\/mapa_46_sistema_de_infraestrutura_de_esgotamento_sanitario.pdf\">mapa_46_sistema_de_infraestrutura_de_esgotamento_sanitario<\/a><\/p>\n<p><a href=\"http:\/\/saec.sp.gov.br\/wp-content\/uploads\/2019\/09\/mapa_47_sistema_de_infraestrutura_de_abastecimento_de_agua.pdf\">mapa_47_sistema_de_infraestrutura_de_abastecimento_de_agua<\/a><\/p>\n<p><a href=\"http:\/\/saec.sp.gov.br\/wp-content\/uploads\/2019\/09\/mapa_52_niveis_estaticos_dos_aquiferos.pdf\">mapa_52_niveis_estaticos_dos_aquiferos<\/a><\/p>\n<p><a href=\"http:\/\/saec.sp.gov.br\/wp-content\/uploads\/2019\/09\/mapa_55_erosoes_urbanas.pdf\">mapa_55_erosoes_urbanas<\/a><\/p>\n<p><a href=\"http:\/\/saec.sp.gov.br\/wp-content\/uploads\/2019\/09\/mapa_66_saneamento_ambiental_residos_solidos_urbanos.pdf\">mapa_66_saneamento_ambiental_residos_solidos_urbanos<\/a><\/p>\n<p><a href=\"http:\/\/saec.sp.gov.br\/wp-content\/uploads\/2019\/09\/mapa_67_sist_de_drenagem_e_enchentes_urbanas.pdf\">mapa_67_sist_de_drenagem_e_enchentes_urbanas<\/a><\/p>\n<p>&nbsp;<\/p>\n<p>Relat\u00f3rios iniciais<\/p>\n<p><a href=\"http:\/\/saec.sp.gov.br\/wp-content\/uploads\/2019\/09\/RelatorioN03-RevB_PlanoSaneamento.pdf\">relatorion03-revb_planosaneamento<\/a><\/p>\n<p><a href=\"http:\/\/saec.sp.gov.br\/wp-content\/uploads\/2019\/09\/RelatorioFotograficoDiagnostico.pdf\">relatoriofotograficodiagnostico<\/a><\/p>\n<div id=\"icpbravoaccess_loaded\"><a href=\"http:\/\/saec.sp.gov.br\/wp-content\/uploads\/2019\/09\/PlanoSaneamentoRelatorio_1.pdf\">planosaneamentorelatorio_1<\/a><\/div>\n<div><\/div>\n<div id=\"icpbravoaccess_loaded\"><a href=\"http:\/\/saec.sp.gov.br\/wp-content\/uploads\/2019\/09\/PlanoSaneamentoAPENDICE_Relatori_-2_PrimeiraAudiencia-Publica.pdf\">planosaneamentoapendice_relatori_-2_primeiraaudiencia-publica<\/a><\/div>\n<div><\/div>\n<div id=\"icpbravoaccess_loaded\"><a href=\"http:\/\/saec.sp.gov.br\/wp-content\/uploads\/2019\/09\/PlanoSaneamentoRelatorioN04.pdf\">planosaneamentorelatorion04<\/a><\/div>\n<div><\/div>\n<div><\/div>\n<div id=\"icpbravoaccess_loaded\"><\/div>\n<div id=\"icpbravoaccess_loaded\"><\/div>\n<div id=\"icpbravoaccess_loaded\"><\/div>\n<div id=\"icpbravoaccess_loaded\"><\/div>\n<div id=\"icpbravoaccess_loaded\"><\/div>\n","protected":false},"excerpt":{"rendered":"<p>&nbsp; PLANO MUNICIPAL DE RES\u00cdDUOS S\u00d3LIDOS DE CATANDUVA &#8211; ATUALIZA\u00c7\u00c3O 2024 &#8212;&#8212;&#8212;&#8212;&#8212;&#8212;&#8212;&#8212;&#8212;&#8212;&#8212;&#8212;&#8212;&#8212;&#8212;&#8212;&#8212;&#8212;&#8212;&#8212;&#8212;&#8212;&#8211; PLANO INTEGRADO DE SANEAMENTO B\u00c1SICO DE CATANDUVA REVIS\u00c3O E ATUALIZA\u00c7\u00c3O Relat\u00f3rios Finais arq-01-relatorio-n-o-01-plano-de-trabalho-e-dados-municipais arq-02-relatorio-n-o-02-diagnostico-e-audiencia-1 arq-03-ap-2-apendice-r-2-primeira-audiencia-publica arq-04-relatorio-n-o-03-evolucao-dos-servicos arq-05-relatorio-n-o-04-prognostico-e-complementos arq-06-apendice-dos-r-3-e-r-4-monitoramento arq-07-ap-4-1-apendice-a-r-4-relatorio-fotografico arq-08-relatorio-n-o-05-planejamento-estrategico arq-09-ap-5-1-apendice-a-r-5-atualizacao-da-lei-municipal-de-saneamento-basico arq-10-ap-5-2-apendice-b-r-5-segunda-audiencia-publica arq-11-relatorio-n-o-06-apresentacao-do-pisb-2019-a-camara-municipal arq-12-relatorio-n-o-07-conclusao-do-contrato &nbsp; Mapas mapa_18_abastecimento_agua mapa_19_coleta_de_lixo mapa_20_esgotamento_sanitariomapa_28_pd_2011_ mapa_de_macrozoneamento mapa_46_sistema_de_infraestrutura_de_esgotamento_sanitario mapa_47_sistema_de_infraestrutura_de_abastecimento_de_agua mapa_52_niveis_estaticos_dos_aquiferos mapa_55_erosoes_urbanas mapa_66_saneamento_ambiental_residos_solidos_urbanos mapa_67_sist_de_drenagem_e_enchentes_urbanas &nbsp; Relat\u00f3rios iniciais relatorion03-revb_planosaneamento relatoriofotograficodiagnostico planosaneamentorelatorio_1 planosaneamentoapendice_relatori_-2_primeiraaudiencia-publica [&hellip;]<\/p>\n","protected":false},"author":15,"featured_media":0,"parent":0,"menu_order":0,"comment_status":"closed","ping_status":"closed","template":"","meta":{"footnotes":""},"yoast_head":"<!-- This site is optimized with the Yoast SEO plugin v15.3 - https:\/\/yoast.com\/wordpress\/plugins\/seo\/ -->\n<title>PLANO MUNICIPAL DE RES\u00cdDUOS S\u00d3LIDOS DE CATANDUVA - ATUALIZA\u00c7\u00c3O 2024 - SAEC Superintendencia de Agua e Esgoto de Catanduva<\/title>\n<meta name=\"robots\" content=\"index, follow, max-snippet:-1, max-image-preview:large, max-video-preview:-1\" \/>\n<link rel=\"canonical\" href=\"https:\/\/saec.sp.gov.br\/index.php\/plano-integrado-de-saneamento-basico-de-catanduva-revisao-e-atualizacao-2019\/\" \/>\n<meta property=\"og:locale\" content=\"pt_BR\" \/>\n<meta property=\"og:type\" content=\"article\" \/>\n<meta property=\"og:title\" content=\"PLANO MUNICIPAL DE RES\u00cdDUOS S\u00d3LIDOS DE CATANDUVA - ATUALIZA\u00c7\u00c3O 2024 - SAEC Superintendencia de Agua e Esgoto de Catanduva\" \/>\n<meta property=\"og:description\" content=\"&nbsp; PLANO MUNICIPAL DE RES\u00cdDUOS S\u00d3LIDOS DE CATANDUVA &#8211; ATUALIZA\u00c7\u00c3O 2024 &#8212;&#8212;&#8212;&#8212;&#8212;&#8212;&#8212;&#8212;&#8212;&#8212;&#8212;&#8212;&#8212;&#8212;&#8212;&#8212;&#8212;&#8212;&#8212;&#8212;&#8212;&#8212;&#8211; PLANO INTEGRADO DE SANEAMENTO B\u00c1SICO DE CATANDUVA REVIS\u00c3O E ATUALIZA\u00c7\u00c3O Relat\u00f3rios Finais arq-01-relatorio-n-o-01-plano-de-trabalho-e-dados-municipais arq-02-relatorio-n-o-02-diagnostico-e-audiencia-1 arq-03-ap-2-apendice-r-2-primeira-audiencia-publica arq-04-relatorio-n-o-03-evolucao-dos-servicos arq-05-relatorio-n-o-04-prognostico-e-complementos arq-06-apendice-dos-r-3-e-r-4-monitoramento arq-07-ap-4-1-apendice-a-r-4-relatorio-fotografico arq-08-relatorio-n-o-05-planejamento-estrategico arq-09-ap-5-1-apendice-a-r-5-atualizacao-da-lei-municipal-de-saneamento-basico arq-10-ap-5-2-apendice-b-r-5-segunda-audiencia-publica arq-11-relatorio-n-o-06-apresentacao-do-pisb-2019-a-camara-municipal arq-12-relatorio-n-o-07-conclusao-do-contrato &nbsp; Mapas mapa_18_abastecimento_agua mapa_19_coleta_de_lixo mapa_20_esgotamento_sanitariomapa_28_pd_2011_ mapa_de_macrozoneamento mapa_46_sistema_de_infraestrutura_de_esgotamento_sanitario mapa_47_sistema_de_infraestrutura_de_abastecimento_de_agua mapa_52_niveis_estaticos_dos_aquiferos mapa_55_erosoes_urbanas mapa_66_saneamento_ambiental_residos_solidos_urbanos mapa_67_sist_de_drenagem_e_enchentes_urbanas &nbsp; Relat\u00f3rios iniciais relatorion03-revb_planosaneamento relatoriofotograficodiagnostico planosaneamentorelatorio_1 planosaneamentoapendice_relatori_-2_primeiraaudiencia-publica [&hellip;]\" \/>\n<meta property=\"og:url\" content=\"https:\/\/saec.sp.gov.br\/index.php\/plano-integrado-de-saneamento-basico-de-catanduva-revisao-e-atualizacao-2019\/\" \/>\n<meta property=\"og:site_name\" content=\"SAEC Superintendencia de Agua e Esgoto de Catanduva\" \/>\n<meta property=\"article:modified_time\" content=\"2024-03-28T11:58:40+00:00\" \/>\n<meta name=\"twitter:card\" content=\"summary\" \/>\n<meta name=\"twitter:label1\" content=\"Written by\">\n\t<meta name=\"twitter:data1\" content=\"Paulo\">\n\t<meta name=\"twitter:label2\" content=\"Est. reading time\">\n\t<meta name=\"twitter:data2\" content=\"1 minuto\">\n<script type=\"application\/ld+json\" class=\"yoast-schema-graph\">{\"@context\":\"https:\/\/schema.org\",\"@graph\":[{\"@type\":\"WebSite\",\"@id\":\"https:\/\/saec.sp.gov.br\/#website\",\"url\":\"https:\/\/saec.sp.gov.br\/\",\"name\":\"SAEC Superintendencia de Agua e Esgoto de Catanduva\",\"description\":\"SAEC\",\"potentialAction\":[{\"@type\":\"SearchAction\",\"target\":\"https:\/\/saec.sp.gov.br\/?s={search_term_string}\",\"query-input\":\"required name=search_term_string\"}],\"inLanguage\":\"pt-BR\"},{\"@type\":\"WebPage\",\"@id\":\"https:\/\/saec.sp.gov.br\/index.php\/plano-integrado-de-saneamento-basico-de-catanduva-revisao-e-atualizacao-2019\/#webpage\",\"url\":\"https:\/\/saec.sp.gov.br\/index.php\/plano-integrado-de-saneamento-basico-de-catanduva-revisao-e-atualizacao-2019\/\",\"name\":\"PLANO MUNICIPAL DE RES\\u00cdDUOS S\\u00d3LIDOS DE CATANDUVA - ATUALIZA\\u00c7\\u00c3O 2024 - SAEC Superintendencia de Agua e Esgoto de Catanduva\",\"isPartOf\":{\"@id\":\"https:\/\/saec.sp.gov.br\/#website\"},\"datePublished\":\"2019-09-27T17:30:24+00:00\",\"dateModified\":\"2024-03-28T11:58:40+00:00\",\"inLanguage\":\"pt-BR\",\"potentialAction\":[{\"@type\":\"ReadAction\",\"target\":[\"https:\/\/saec.sp.gov.br\/index.php\/plano-integrado-de-saneamento-basico-de-catanduva-revisao-e-atualizacao-2019\/\"]}]}]}<\/script>\n<!-- \/ Yoast SEO plugin. -->","amp_validity":null,"amp_enabled":true,"_links":{"self":[{"href":"https:\/\/saec.sp.gov.br\/index.php\/wp-json\/wp\/v2\/pages\/2223"}],"collection":[{"href":"https:\/\/saec.sp.gov.br\/index.php\/wp-json\/wp\/v2\/pages"}],"about":[{"href":"https:\/\/saec.sp.gov.br\/index.php\/wp-json\/wp\/v2\/types\/page"}],"author":[{"embeddable":true,"href":"https:\/\/saec.sp.gov.br\/index.php\/wp-json\/wp\/v2\/users\/15"}],"replies":[{"embeddable":true,"href":"https:\/\/saec.sp.gov.br\/index.php\/wp-json\/wp\/v2\/comments?post=2223"}],"version-history":[{"count":12,"href":"https:\/\/saec.sp.gov.br\/index.php\/wp-json\/wp\/v2\/pages\/2223\/revisions"}],"predecessor-version":[{"id":8724,"href":"https:\/\/saec.sp.gov.br\/index.php\/wp-json\/wp\/v2\/pages\/2223\/revisions\/8724"}],"wp:attachment":[{"href":"https:\/\/saec.sp.gov.br\/index.php\/wp-json\/wp\/v2\/media?parent=2223"}],"curies":[{"name":"wp","href":"https:\/\/api.w.org\/{rel}","templated":true}]}}