{"id":6697,"date":"2023-05-15T15:27:39","date_gmt":"2023-05-15T18:27:39","guid":{"rendered":"http:\/\/saec.sp.gov.br\/?page_id=6697"},"modified":"2023-06-23T08:21:33","modified_gmt":"2023-06-23T11:21:33","slug":"material-de-apoio","status":"publish","type":"page","link":"https:\/\/saec.sp.gov.br\/index.php\/material-de-apoio\/","title":{"rendered":"MATERIAL DE APOIO"},"content":{"rendered":"\r\n<p><a href=\"http:\/\/saec.sp.gov.br\/wp-content\/uploads\/2023\/05\/Codigo-Tributario-de-Catanduva-SP.pdf\">C\u00f3digo Tribut\u00e1rio de Catanduva &#8211; SP<\/a><\/p>\r\n\r\n\r\n\r\n<p><a href=\"http:\/\/saec.sp.gov.br\/wp-content\/uploads\/2023\/05\/Decreto-Drenagem.pdf\">Decreto Drenagem<\/a><\/p>\r\n\r\n\r\n\r\n<p><a href=\"http:\/\/saec.sp.gov.br\/wp-content\/uploads\/2023\/05\/Lei-11.445-2007.pdf\">Lei 11.445-2007<\/a><\/p>\r\n\r\n\r\n\r\n<p><a href=\"http:\/\/saec.sp.gov.br\/wp-content\/uploads\/2023\/05\/Lei-Complementar-900-2017-de-Catanduva-SP.pdf\">Lei Complementar 900 2017 de Catanduva SP<\/a><\/p>\r\n\r\n\r\n\r\n<p><a href=\"http:\/\/saec.sp.gov.br\/wp-content\/uploads\/2023\/05\/Lei-Ordinaria-5558-2014-de-Catanduva-SP.pdf\">Lei Ordin\u00e1ria 5558 2014 de Catanduva SP<\/a><\/p>\r\n\r\n\r\n\r\n<p><a href=\"http:\/\/saec.sp.gov.br\/wp-content\/uploads\/2023\/05\/Lei-Federal-no-14.026-DE-15-DE-JULHO-DE-2020.pdf\">Lei-Federal-no-14.026-DE-15-DE-JULHO-DE-2020<\/a><\/p>\r\n<p><a href=\"http:\/\/saec.sp.gov.br\/wp-content\/uploads\/2023\/06\/Termo-de-Referencia-Especificacoes-Tecnicas.pdf\">Termo de Refer\u00eancia &#8211; Especifica\u00e7\u00f5es T\u00e9cnicas<\/a><\/p>\r\n<p><a href=\"http:\/\/saec.sp.gov.br\/wp-content\/uploads\/2023\/06\/Planilha-de-Precos-Unitarios-PPU.pdf\">Planilha de Pre\u00e7os Unit\u00e1rios &#8211; PPU<\/a><\/p>\r\n\r\n\r\n<hr class=\"wp-block-separator has-alpha-channel-opacity is-style-wide\" \/>\r\n\r\n\r\n<h2 class=\"wp-block-heading\">MAPAS<\/h2>\r\n\r\n\r\n\r\n<p><a href=\"http:\/\/saec.sp.gov.br\/wp-content\/uploads\/2023\/05\/MAPA-UTILIZADO-ATUALMENTE-PELA-FLORESTANA-COLETA-DOMICILIAR-_17FEV21.pdf\">MAPA UTILIZADO ATUALMENTE PELA FLORESTANA &#8211; COLETA DOMICILIAR _17FEV21<\/a><\/p>\r\n\r\n\r\n\r\n<p><a href=\"http:\/\/saec.sp.gov.br\/wp-content\/uploads\/2023\/05\/MAPA-UTILIZADO-ATUALMENTE-PELA-FLORESTANA-COLETA-SELETIVA-_17FEV21.pdf\">MAPA UTILIZADO ATUALMENTE PELA FLORESTANA &#8211; COLETA SELETIVA _17FEV21<\/a><\/p>\r\n\r\n\r\n\r\n<p><a href=\"http:\/\/saec.sp.gov.br\/wp-content\/uploads\/2023\/05\/mapa_07_territorios.pdf\">mapa_07_territorios<\/a><\/p>\r\n","protected":false},"excerpt":{"rendered":"<p>C\u00f3digo Tribut\u00e1rio de Catanduva &#8211; SP Decreto Drenagem Lei 11.445-2007 Lei Complementar 900 2017 de Catanduva SP Lei Ordin\u00e1ria 5558 2014 de Catanduva SP Lei-Federal-no-14.026-DE-15-DE-JULHO-DE-2020 Termo de Refer\u00eancia &#8211; Especifica\u00e7\u00f5es T\u00e9cnicas Planilha de Pre\u00e7os Unit\u00e1rios &#8211; PPU MAPAS MAPA UTILIZADO ATUALMENTE PELA FLORESTANA &#8211; COLETA DOMICILIAR _17FEV21 MAPA UTILIZADO ATUALMENTE PELA FLORESTANA &#8211; COLETA SELETIVA [&hellip;]<\/p>\n","protected":false},"author":14,"featured_media":0,"parent":0,"menu_order":0,"comment_status":"closed","ping_status":"closed","template":"","meta":{"footnotes":""},"yoast_head":"<!-- This site is optimized with the Yoast SEO plugin v15.3 - https:\/\/yoast.com\/wordpress\/plugins\/seo\/ -->\n<title>MATERIAL DE APOIO - SAEC Superintendencia de Agua e Esgoto de Catanduva<\/title>\n<meta name=\"robots\" content=\"index, follow, max-snippet:-1, max-image-preview:large, max-video-preview:-1\" \/>\n<link rel=\"canonical\" href=\"https:\/\/saec.sp.gov.br\/index.php\/material-de-apoio\/\" \/>\n<meta property=\"og:locale\" content=\"pt_BR\" \/>\n<meta property=\"og:type\" content=\"article\" \/>\n<meta property=\"og:title\" content=\"MATERIAL DE APOIO - SAEC Superintendencia de Agua e Esgoto de Catanduva\" \/>\n<meta property=\"og:description\" content=\"C\u00f3digo Tribut\u00e1rio de Catanduva &#8211; SP Decreto Drenagem Lei 11.445-2007 Lei Complementar 900 2017 de Catanduva SP Lei Ordin\u00e1ria 5558 2014 de Catanduva SP Lei-Federal-no-14.026-DE-15-DE-JULHO-DE-2020 Termo de Refer\u00eancia &#8211; Especifica\u00e7\u00f5es T\u00e9cnicas Planilha de Pre\u00e7os Unit\u00e1rios &#8211; PPU MAPAS MAPA UTILIZADO ATUALMENTE PELA FLORESTANA &#8211; COLETA DOMICILIAR _17FEV21 MAPA UTILIZADO ATUALMENTE PELA FLORESTANA &#8211; COLETA SELETIVA [&hellip;]\" \/>\n<meta property=\"og:url\" content=\"https:\/\/saec.sp.gov.br\/index.php\/material-de-apoio\/\" \/>\n<meta property=\"og:site_name\" content=\"SAEC Superintendencia de Agua e Esgoto de Catanduva\" \/>\n<meta property=\"article:modified_time\" content=\"2023-06-23T11:21:33+00:00\" \/>\n<meta name=\"twitter:card\" content=\"summary\" \/>\n<meta name=\"twitter:label1\" content=\"Written by\">\n\t<meta name=\"twitter:data1\" content=\"Vtec Infra\">\n\t<meta name=\"twitter:label2\" content=\"Est. reading time\">\n\t<meta name=\"twitter:data2\" content=\"0 minuto\">\n<script type=\"application\/ld+json\" class=\"yoast-schema-graph\">{\"@context\":\"https:\/\/schema.org\",\"@graph\":[{\"@type\":\"WebSite\",\"@id\":\"https:\/\/saec.sp.gov.br\/#website\",\"url\":\"https:\/\/saec.sp.gov.br\/\",\"name\":\"SAEC Superintendencia de Agua e Esgoto de Catanduva\",\"description\":\"SAEC\",\"potentialAction\":[{\"@type\":\"SearchAction\",\"target\":\"https:\/\/saec.sp.gov.br\/?s={search_term_string}\",\"query-input\":\"required name=search_term_string\"}],\"inLanguage\":\"pt-BR\"},{\"@type\":\"WebPage\",\"@id\":\"https:\/\/saec.sp.gov.br\/index.php\/material-de-apoio\/#webpage\",\"url\":\"https:\/\/saec.sp.gov.br\/index.php\/material-de-apoio\/\",\"name\":\"MATERIAL DE APOIO - SAEC Superintendencia de Agua e Esgoto de Catanduva\",\"isPartOf\":{\"@id\":\"https:\/\/saec.sp.gov.br\/#website\"},\"datePublished\":\"2023-05-15T18:27:39+00:00\",\"dateModified\":\"2023-06-23T11:21:33+00:00\",\"inLanguage\":\"pt-BR\",\"potentialAction\":[{\"@type\":\"ReadAction\",\"target\":[\"https:\/\/saec.sp.gov.br\/index.php\/material-de-apoio\/\"]}]}]}<\/script>\n<!-- \/ Yoast SEO plugin. -->","amp_validity":null,"amp_enabled":true,"_links":{"self":[{"href":"https:\/\/saec.sp.gov.br\/index.php\/wp-json\/wp\/v2\/pages\/6697"}],"collection":[{"href":"https:\/\/saec.sp.gov.br\/index.php\/wp-json\/wp\/v2\/pages"}],"about":[{"href":"https:\/\/saec.sp.gov.br\/index.php\/wp-json\/wp\/v2\/types\/page"}],"author":[{"embeddable":true,"href":"https:\/\/saec.sp.gov.br\/index.php\/wp-json\/wp\/v2\/users\/14"}],"replies":[{"embeddable":true,"href":"https:\/\/saec.sp.gov.br\/index.php\/wp-json\/wp\/v2\/comments?post=6697"}],"version-history":[{"count":7,"href":"https:\/\/saec.sp.gov.br\/index.php\/wp-json\/wp\/v2\/pages\/6697\/revisions"}],"predecessor-version":[{"id":6990,"href":"https:\/\/saec.sp.gov.br\/index.php\/wp-json\/wp\/v2\/pages\/6697\/revisions\/6990"}],"wp:attachment":[{"href":"https:\/\/saec.sp.gov.br\/index.php\/wp-json\/wp\/v2\/media?parent=6697"}],"curies":[{"name":"wp","href":"https:\/\/api.w.org\/{rel}","templated":true}]}}