{"id":704,"date":"2017-01-19T18:37:10","date_gmt":"2017-01-19T18:37:10","guid":{"rendered":"http:\/\/saec.sp.gov.br\/?page_id=704"},"modified":"2024-03-20T09:44:18","modified_gmt":"2024-03-20T12:44:18","slug":"a-saec","status":"publish","type":"page","link":"https:\/\/saec.sp.gov.br\/index.php\/a-saec\/","title":{"rendered":"A SAEC"},"content":{"rendered":"<p><strong>HIST\u00d3RICO<\/strong><\/p>\n<p><strong>\u00a0<\/strong><strong>\u00a0\u00a0\u00a0\u00a0\u00a0\u00a0\u00a0\u00a0\u00a0\u00a0<img loading=\"lazy\" decoding=\"async\" class=\"wp-image-893 alignleft lazyload\" src=\"data:image\/gif;base64,R0lGODlhAQABAAAAACH5BAEKAAEALAAAAAABAAEAAAICTAEAOw==\" data-src=\"http:\/\/saec.sp.gov.br\/wp-content\/uploads\/2017\/01\/saec-old-300x149.png\" alt=\"saec-old\" width=\"272\" height=\"135\" data-sizes=\"auto\" data-srcset=\"https:\/\/saec.sp.gov.br\/wp-content\/uploads\/2017\/01\/saec-old-300x149.png 300w, https:\/\/saec.sp.gov.br\/wp-content\/uploads\/2017\/01\/saec-old-768x382.png 768w, https:\/\/saec.sp.gov.br\/wp-content\/uploads\/2017\/01\/saec-old-671x333.png 671w, https:\/\/saec.sp.gov.br\/wp-content\/uploads\/2017\/01\/saec-old.png 1002w\" sizes=\"(max-width: 272px) 100vw, 272px\" \/>\u00a0 <\/strong>Antes da cria\u00e7\u00e3o da SAEC, a Prefeitura Municipal de Catanduva possu\u00eda, em sua estrutura administrativa, a Secretaria Municipal de Saneamento B\u00e1sico (SMSB) e subordinada \u00e0 estrutura da secretaria, de acordo com a Lei n\u00b0. 4.324\/96, o Departamento de \u00c1gua e Esgoto (DAE).<\/p>\n<p>O Departamento de \u00c1gua e Esgoto (DAE) era considerado um \u00f3rg\u00e3o de atividade fim e do primeiro n\u00edvel da administra\u00e7\u00e3o direta municipal, com atribui\u00e7\u00f5es e compet\u00eancia para a execu\u00e7\u00e3o de obras e servi\u00e7os de \u00e1gua pot\u00e1vel, bem como atividades inerentes ao combate \u00e0 polui\u00e7\u00e3o.<\/p>\n<p>A estrutura do extinto departamento era composta por tr\u00eas divis\u00f5es: Divis\u00e3o de Opera\u00e7\u00e3o e Manuten\u00e7\u00e3o (DOM), Divis\u00e3o de Servi\u00e7os Administrativos (DAS) e a Divis\u00e3o de Servi\u00e7os T\u00e9cnicos (DST).<\/p>\n<p>Com o objetivo de dotar a prefeitura de uma estrutura organizacional adequada \u00e0s fun\u00e7\u00f5es que deve desempenhar, no sentido de atender as reais necessidades da popula\u00e7\u00e3o e aos programas de a\u00e7\u00f5es governamentais a cargo do munic\u00edpio, disciplinando o papel e as finalidades dos \u00f3rg\u00e3os de primeiro n\u00edvel hier\u00e1rquico da municipalidade, os funcion\u00e1rios da Secretaria Municipal de Saneamento B\u00e1sico (SMSB) elaboraram a proposta de um novo modelo de gest\u00e3o e nova estrutura organizacional.<\/p>\n<p>Na nova estrutura, extinguiu-se a Secretaria Municipal de Saneamento B\u00e1sico (SMSB) e o Departamento de \u00c1gua e Esgoto (DAE), foi transformado na Superintend\u00eancia de \u00c1gua e Esgoto de Catanduva (SAEC).<\/p>\n<p>&nbsp;<\/p>\n<p><strong>A SAEC<\/strong><\/p>\n<p>&nbsp;<\/p>\n<p><img loading=\"lazy\" decoding=\"async\" class=\"alignright wp-image-36 lazyload\" src=\"data:image\/gif;base64,R0lGODlhAQABAAAAACH5BAEKAAEALAAAAAABAAEAAAICTAEAOw==\" data-src=\"http:\/\/saec.sp.gov.br\/wp-content\/uploads\/2017\/01\/NOVASEDE-FOTO-NOTURNA-300x199.jpg\" alt=\"novasede-foto-noturna\" width=\"228\" height=\"151\" data-sizes=\"auto\" data-srcset=\"https:\/\/saec.sp.gov.br\/wp-content\/uploads\/2017\/01\/NOVASEDE-FOTO-NOTURNA-300x199.jpg 300w, https:\/\/saec.sp.gov.br\/wp-content\/uploads\/2017\/01\/NOVASEDE-FOTO-NOTURNA-768x510.jpg 768w, https:\/\/saec.sp.gov.br\/wp-content\/uploads\/2017\/01\/NOVASEDE-FOTO-NOTURNA.jpg 1024w, https:\/\/saec.sp.gov.br\/wp-content\/uploads\/2017\/01\/NOVASEDE-FOTO-NOTURNA-602x400.jpg 602w\" sizes=\"(max-width: 228px) 100vw, 228px\" \/>A SAEC \u2013 Superintend\u00eancia de \u00c1gua e Esgoto de Catanduva, foi criada atrav\u00e9s da Lei Complementar n\u00b0.0458, de 25 de novembro de 2008.<\/p>\n<p>\u00c9 uma autarquia municipal, de direito p\u00fablico e disp\u00f5e de personalidade jur\u00eddica, autonomia administrativa, financeira, t\u00e9cnica e patrim\u00f4nio pr\u00f3prio.<\/p>\n<p>Tem como as principais atividades, produtos\/servi\u00e7os: capta\u00e7\u00e3o de \u00e1gua subterr\u00e2nea, reserva\u00e7\u00e3o, tratamento e distribui\u00e7\u00e3o de \u00e1gua pot\u00e1vel; coleta, afastamento e tratamento de esgoto sanit\u00e1rio; macromedi\u00e7\u00e3o; micromedi\u00e7\u00e3o; entrega de contas de \u00e1gua; liga\u00e7\u00f5es de \u00e1gua e esgoto; prolongamento de redes de \u00e1gua e redes coletoras de esgoto; manuten\u00e7\u00e3o dos ramais de \u00e1gua e esgoto; supress\u00e3o de \u00e1gua; instala\u00e7\u00e3o e substitui\u00e7\u00e3o de hidr\u00f4metros; desobstru\u00e7\u00e3o das redes de \u00e1gua e esgoto; limpeza de fossa, hidro jateamento das redes de esgoto, fiscaliza\u00e7\u00e3o e demais rotinas administrativas.<\/p>\n<p>&nbsp;<\/p>\n<ul>\n<li><strong>MISS\u00c3O: <\/strong>\u201cCaptar, tratar, reservar e distribuir \u00e1gua pot\u00e1vel; coletar, afastar e tratar esgoto sanit\u00e1rio, prestando servi\u00e7os com excel\u00eancia de qualidade e responsabilidade socioambiental. \u201d<\/li>\n<li><strong>VIS\u00c3O: <\/strong>\u201cPromover a universaliza\u00e7\u00e3o do abastecimento de \u00e1gua e coleta de esgoto, implantando sistemas de gest\u00e3o focados em excel\u00eancia na presta\u00e7\u00e3o de servi\u00e7os. \u201d<\/li>\n<li><strong>VALORES: <\/strong>Excel\u00eancia (buscar o desenvolvimento tecnol\u00f3gico adotando as melhores pr\u00e1ticas sustent\u00e1veis para beneficiar todas as partes interessadas); Humanidade (agir com respeito, valorizando a vida e o meio ambiente); \u00c9tica (adotar atitudes focadas na transpar\u00eancia, justi\u00e7a e honestidade em todas as a\u00e7\u00f5es e rela\u00e7\u00f5es); Comprometimento (\u201cFazer mais, melhor e com menos\u201d, com responsabilidade, visando sempre o bem comum); Atendimento diferenciado (orientando e interagindo permanentemente com o cliente, conquistando sua satisfa\u00e7\u00e3o e simpatia).<\/li>\n<\/ul>\n<p>&nbsp;<\/p>\n","protected":false},"excerpt":{"rendered":"<p>HIST\u00d3RICO \u00a0\u00a0\u00a0\u00a0\u00a0\u00a0\u00a0\u00a0\u00a0\u00a0\u00a0\u00a0 Antes da cria\u00e7\u00e3o da SAEC, a Prefeitura Municipal de Catanduva possu\u00eda, em sua estrutura administrativa, a Secretaria Municipal de Saneamento B\u00e1sico (SMSB) e subordinada \u00e0 estrutura da secretaria, de acordo com a Lei n\u00b0. 4.324\/96, o Departamento de \u00c1gua e Esgoto (DAE). O Departamento de \u00c1gua e Esgoto (DAE) era considerado um \u00f3rg\u00e3o [&hellip;]<\/p>\n","protected":false},"author":15,"featured_media":37,"parent":0,"menu_order":0,"comment_status":"closed","ping_status":"closed","template":"","meta":{"footnotes":""},"yoast_head":"<!-- This site is optimized with the Yoast SEO plugin v15.3 - https:\/\/yoast.com\/wordpress\/plugins\/seo\/ -->\n<title>A SAEC - SAEC Superintendencia de Agua e Esgoto de Catanduva<\/title>\n<meta name=\"robots\" content=\"index, follow, max-snippet:-1, max-image-preview:large, max-video-preview:-1\" \/>\n<link rel=\"canonical\" href=\"https:\/\/saec.sp.gov.br\/index.php\/a-saec\/\" \/>\n<meta property=\"og:locale\" content=\"pt_BR\" \/>\n<meta property=\"og:type\" content=\"article\" \/>\n<meta property=\"og:title\" content=\"A SAEC - SAEC Superintendencia de Agua e Esgoto de Catanduva\" \/>\n<meta property=\"og:description\" content=\"HIST\u00d3RICO \u00a0\u00a0\u00a0\u00a0\u00a0\u00a0\u00a0\u00a0\u00a0\u00a0\u00a0\u00a0 Antes da cria\u00e7\u00e3o da SAEC, a Prefeitura Municipal de Catanduva possu\u00eda, em sua estrutura administrativa, a Secretaria Municipal de Saneamento B\u00e1sico (SMSB) e subordinada \u00e0 estrutura da secretaria, de acordo com a Lei n\u00b0. 4.324\/96, o Departamento de \u00c1gua e Esgoto (DAE). O Departamento de \u00c1gua e Esgoto (DAE) era considerado um \u00f3rg\u00e3o [&hellip;]\" \/>\n<meta property=\"og:url\" content=\"https:\/\/saec.sp.gov.br\/index.php\/a-saec\/\" \/>\n<meta property=\"og:site_name\" content=\"SAEC Superintendencia de Agua e Esgoto de Catanduva\" \/>\n<meta property=\"article:modified_time\" content=\"2024-03-20T12:44:18+00:00\" \/>\n<meta property=\"og:image\" content=\"https:\/\/saec.sp.gov.br\/wp-content\/uploads\/2017\/01\/predionovo.jpg\" \/>\n\t<meta property=\"og:image:width\" content=\"410\" \/>\n\t<meta property=\"og:image:height\" content=\"203\" \/>\n<meta name=\"twitter:card\" content=\"summary\" \/>\n<meta name=\"twitter:label1\" content=\"Written by\">\n\t<meta name=\"twitter:data1\" content=\"Paulo\">\n\t<meta name=\"twitter:label2\" content=\"Est. reading time\">\n\t<meta name=\"twitter:data2\" content=\"2 minutos\">\n<script type=\"application\/ld+json\" class=\"yoast-schema-graph\">{\"@context\":\"https:\/\/schema.org\",\"@graph\":[{\"@type\":\"WebSite\",\"@id\":\"https:\/\/saec.sp.gov.br\/#website\",\"url\":\"https:\/\/saec.sp.gov.br\/\",\"name\":\"SAEC Superintendencia de Agua e Esgoto de Catanduva\",\"description\":\"SAEC\",\"potentialAction\":[{\"@type\":\"SearchAction\",\"target\":\"https:\/\/saec.sp.gov.br\/?s={search_term_string}\",\"query-input\":\"required name=search_term_string\"}],\"inLanguage\":\"pt-BR\"},{\"@type\":\"ImageObject\",\"@id\":\"https:\/\/saec.sp.gov.br\/index.php\/a-saec\/#primaryimage\",\"inLanguage\":\"pt-BR\",\"url\":\"https:\/\/saec.sp.gov.br\/wp-content\/uploads\/2017\/01\/predionovo.jpg\",\"width\":410,\"height\":203},{\"@type\":\"WebPage\",\"@id\":\"https:\/\/saec.sp.gov.br\/index.php\/a-saec\/#webpage\",\"url\":\"https:\/\/saec.sp.gov.br\/index.php\/a-saec\/\",\"name\":\"A SAEC - SAEC Superintendencia de Agua e Esgoto de Catanduva\",\"isPartOf\":{\"@id\":\"https:\/\/saec.sp.gov.br\/#website\"},\"primaryImageOfPage\":{\"@id\":\"https:\/\/saec.sp.gov.br\/index.php\/a-saec\/#primaryimage\"},\"datePublished\":\"2017-01-19T18:37:10+00:00\",\"dateModified\":\"2024-03-20T12:44:18+00:00\",\"inLanguage\":\"pt-BR\",\"potentialAction\":[{\"@type\":\"ReadAction\",\"target\":[\"https:\/\/saec.sp.gov.br\/index.php\/a-saec\/\"]}]}]}<\/script>\n<!-- \/ Yoast SEO plugin. -->","amp_validity":null,"amp_enabled":true,"_links":{"self":[{"href":"https:\/\/saec.sp.gov.br\/index.php\/wp-json\/wp\/v2\/pages\/704"}],"collection":[{"href":"https:\/\/saec.sp.gov.br\/index.php\/wp-json\/wp\/v2\/pages"}],"about":[{"href":"https:\/\/saec.sp.gov.br\/index.php\/wp-json\/wp\/v2\/types\/page"}],"author":[{"embeddable":true,"href":"https:\/\/saec.sp.gov.br\/index.php\/wp-json\/wp\/v2\/users\/15"}],"replies":[{"embeddable":true,"href":"https:\/\/saec.sp.gov.br\/index.php\/wp-json\/wp\/v2\/comments?post=704"}],"version-history":[{"count":21,"href":"https:\/\/saec.sp.gov.br\/index.php\/wp-json\/wp\/v2\/pages\/704\/revisions"}],"predecessor-version":[{"id":8675,"href":"https:\/\/saec.sp.gov.br\/index.php\/wp-json\/wp\/v2\/pages\/704\/revisions\/8675"}],"wp:featuredmedia":[{"embeddable":true,"href":"https:\/\/saec.sp.gov.br\/index.php\/wp-json\/wp\/v2\/media\/37"}],"wp:attachment":[{"href":"https:\/\/saec.sp.gov.br\/index.php\/wp-json\/wp\/v2\/media?parent=704"}],"curies":[{"name":"wp","href":"https:\/\/api.w.org\/{rel}","templated":true}]}}