{"id":841,"date":"2017-02-21T19:26:46","date_gmt":"2017-02-21T19:26:46","guid":{"rendered":"http:\/\/saec.sp.gov.br\/?page_id=841"},"modified":"2017-03-03T18:55:56","modified_gmt":"2017-03-03T18:55:56","slug":"informacoes-e-servicos","status":"publish","type":"page","link":"https:\/\/saec.sp.gov.br\/index.php\/informacoes-e-servicos\/","title":{"rendered":"Informa\u00e7\u00f5es e Servi\u00e7os"},"content":{"rendered":"<p>&nbsp;<\/p>\n<table style=\"height: 381px; width: 585px;\">\n<tbody>\n<tr style=\"height: 103.883px;\">\n<td style=\"width: 51px; height: 103.883px;\"><\/td>\n<td style=\"width: 87.4333px; height: 103.883px;\"><a href=\"http:\/\/saecfacil.saec.sp.gov.br:8083\/\"><img loading=\"lazy\" decoding=\"async\" class=\"size-full wp-image-837 aligncenter lazyload\" src=\"data:image\/gif;base64,R0lGODlhAQABAAAAACH5BAEKAAEALAAAAAABAAEAAAICTAEAOw==\" data-src=\"http:\/\/saec.sp.gov.br\/wp-content\/uploads\/2017\/02\/icon-2viaconta.jpg\" alt=\"icon-2viaconta\" width=\"90\" height=\"89\" \/><\/a><\/td>\n<td style=\"width: 415.567px; height: 103.883px;\"><a href=\"http:\/\/saecfacil.saec.sp.gov.br:8083\/\">Emiss\u00e3o de 2a via de Conta ON-LINE<\/a><\/td>\n<\/tr>\n<tr style=\"height: 103px;\">\n<td style=\"width: 51px; height: 103px;\"><\/td>\n<td style=\"width: 87.4333px; height: 103px;\" valign=\"top\">\u00a0<a href=\"http:\/\/saecfacil.saec.sp.gov.br:8083\/\"><img loading=\"lazy\" decoding=\"async\" class=\"wp-image-845 aligncenter lazyload\" src=\"data:image\/gif;base64,R0lGODlhAQABAAAAACH5BAEKAAEALAAAAAABAAEAAAICTAEAOw==\" data-src=\"http:\/\/saec.sp.gov.br\/wp-content\/uploads\/2017\/02\/icon-saec-facil.jpg\" alt=\"icon-saec-facil\" width=\"60\" height=\"59\" \/><\/a><\/td>\n<td style=\"width: 415.567px; height: 103px;\">\u00a0<a href=\"http:\/\/saecfacil.saec.sp.gov.br:8083\/\">SAEC F\u00e1cil &#8211; Auto-atendimento Online, 24 horas por dia 7 dias por semana.<\/a> (Certid\u00f5es, Autentica\u00e7\u00e3o de Certid\u00f5es, Declara\u00e7\u00e3o Anual de Quita\u00e7\u00e3o e 2a Via de Contas)<\/td>\n<\/tr>\n<tr style=\"height: 103px;\">\n<td style=\"width: 51px; height: 103px;\"><\/td>\n<td style=\"width: 87.4333px; height: 103px;\"><img loading=\"lazy\" decoding=\"async\" class=\"size-full wp-image-838 aligncenter lazyload\" src=\"data:image\/gif;base64,R0lGODlhAQABAAAAACH5BAEKAAEALAAAAAABAAEAAAICTAEAOw==\" data-src=\"http:\/\/saec.sp.gov.br\/wp-content\/uploads\/2017\/02\/icon-conta.jpg\" alt=\"icon-conta\" width=\"90\" height=\"89\" \/><\/td>\n<td style=\"width: 415.567px; height: 103px;\"><a href=\"http:\/\/saec.sp.gov.br\/index.php\/conheca-sua-conta-de-agua-e-esgoto\/\">Conhe\u00e7a sua Conta de \u00c1gua e Esgoto<\/a><\/td>\n<\/tr>\n<tr style=\"height: 103px;\">\n<td style=\"width: 51px; height: 103px;\"><\/td>\n<td style=\"width: 87.4333px; height: 103px;\"><img loading=\"lazy\" decoding=\"async\" class=\"size-full wp-image-840 aligncenter lazyload\" src=\"data:image\/gif;base64,R0lGODlhAQABAAAAACH5BAEKAAEALAAAAAABAAEAAAICTAEAOw==\" data-src=\"http:\/\/saec.sp.gov.br\/wp-content\/uploads\/2017\/02\/icon-tarifas.jpg\" alt=\"icon-tarifas\" width=\"90\" height=\"89\" \/><\/td>\n<td style=\"width: 415.567px; height: 103px;\">\u00a0<a href=\"http:\/\/saec.sp.gov.br\/index.php\/tarifas-de-agua-e-esgoto\/\">Tarifas de \u00c1gua e Esgoto<\/a><\/td>\n<\/tr>\n<tr style=\"height: 103px;\">\n<td style=\"width: 51px; height: 103px;\"><\/td>\n<td style=\"width: 87.4333px; height: 103px;\"><img loading=\"lazy\" decoding=\"async\" class=\"size-full wp-image-839 aligncenter lazyload\" src=\"data:image\/gif;base64,R0lGODlhAQABAAAAACH5BAEKAAEALAAAAAABAAEAAAICTAEAOw==\" data-src=\"http:\/\/saec.sp.gov.br\/wp-content\/uploads\/2017\/02\/icon-ligacaoagua.jpg\" alt=\"icon-ligacaoagua\" width=\"90\" height=\"89\" \/><\/td>\n<td style=\"width: 415.567px; height: 103px;\"><a href=\"http:\/\/saec.sp.gov.br\/index.php\/ligacao-de-agua\/\">Informa\u00e7\u00f5es sobre padr\u00f5es de liga\u00e7\u00e3o de \u00e1gua<\/a><\/td>\n<\/tr>\n<\/tbody>\n<\/table>\n<p>&nbsp;<\/p>\n","protected":false},"excerpt":{"rendered":"<p>&nbsp; Emiss\u00e3o de 2a via de Conta ON-LINE \u00a0 \u00a0SAEC F\u00e1cil &#8211; Auto-atendimento Online, 24 horas por dia 7 dias por semana. (Certid\u00f5es, Autentica\u00e7\u00e3o de Certid\u00f5es, Declara\u00e7\u00e3o Anual de Quita\u00e7\u00e3o e 2a Via de Contas) Conhe\u00e7a sua Conta de \u00c1gua e Esgoto \u00a0Tarifas de \u00c1gua e Esgoto Informa\u00e7\u00f5es sobre padr\u00f5es de liga\u00e7\u00e3o de \u00e1gua &nbsp;<\/p>\n","protected":false},"author":15,"featured_media":0,"parent":0,"menu_order":0,"comment_status":"closed","ping_status":"closed","template":"","meta":{"footnotes":""},"yoast_head":"<!-- This site is optimized with the Yoast SEO plugin v15.3 - https:\/\/yoast.com\/wordpress\/plugins\/seo\/ -->\n<title>Informa\u00e7\u00f5es e Servi\u00e7os - SAEC Superintendencia de Agua e Esgoto de Catanduva<\/title>\n<meta name=\"robots\" content=\"index, follow, max-snippet:-1, max-image-preview:large, max-video-preview:-1\" \/>\n<link rel=\"canonical\" href=\"https:\/\/saec.sp.gov.br\/index.php\/informacoes-e-servicos\/\" \/>\n<meta property=\"og:locale\" content=\"pt_BR\" \/>\n<meta property=\"og:type\" content=\"article\" \/>\n<meta property=\"og:title\" content=\"Informa\u00e7\u00f5es e Servi\u00e7os - SAEC Superintendencia de Agua e Esgoto de Catanduva\" \/>\n<meta property=\"og:description\" content=\"&nbsp; Emiss\u00e3o de 2a via de Conta ON-LINE \u00a0 \u00a0SAEC F\u00e1cil &#8211; Auto-atendimento Online, 24 horas por dia 7 dias por semana. (Certid\u00f5es, Autentica\u00e7\u00e3o de Certid\u00f5es, Declara\u00e7\u00e3o Anual de Quita\u00e7\u00e3o e 2a Via de Contas) Conhe\u00e7a sua Conta de \u00c1gua e Esgoto \u00a0Tarifas de \u00c1gua e Esgoto Informa\u00e7\u00f5es sobre padr\u00f5es de liga\u00e7\u00e3o de \u00e1gua &nbsp;\" \/>\n<meta property=\"og:url\" content=\"https:\/\/saec.sp.gov.br\/index.php\/informacoes-e-servicos\/\" \/>\n<meta property=\"og:site_name\" content=\"SAEC Superintendencia de Agua e Esgoto de Catanduva\" \/>\n<meta property=\"article:modified_time\" content=\"2017-03-03T18:55:56+00:00\" \/>\n<meta property=\"og:image\" content=\"http:\/\/saec.sp.gov.br\/wp-content\/uploads\/2017\/02\/icon-2viaconta.jpg\" \/>\n<meta name=\"twitter:card\" content=\"summary\" \/>\n<meta name=\"twitter:label1\" content=\"Written by\">\n\t<meta name=\"twitter:data1\" content=\"Paulo\">\n\t<meta name=\"twitter:label2\" content=\"Est. reading time\">\n\t<meta name=\"twitter:data2\" content=\"0 minuto\">\n<script type=\"application\/ld+json\" class=\"yoast-schema-graph\">{\"@context\":\"https:\/\/schema.org\",\"@graph\":[{\"@type\":\"WebSite\",\"@id\":\"https:\/\/saec.sp.gov.br\/#website\",\"url\":\"https:\/\/saec.sp.gov.br\/\",\"name\":\"SAEC Superintendencia de Agua e Esgoto de Catanduva\",\"description\":\"SAEC\",\"potentialAction\":[{\"@type\":\"SearchAction\",\"target\":\"https:\/\/saec.sp.gov.br\/?s={search_term_string}\",\"query-input\":\"required name=search_term_string\"}],\"inLanguage\":\"pt-BR\"},{\"@type\":\"ImageObject\",\"@id\":\"https:\/\/saec.sp.gov.br\/index.php\/informacoes-e-servicos\/#primaryimage\",\"inLanguage\":\"pt-BR\",\"url\":\"http:\/\/saec.sp.gov.br\/wp-content\/uploads\/2017\/02\/icon-2viaconta.jpg\"},{\"@type\":\"WebPage\",\"@id\":\"https:\/\/saec.sp.gov.br\/index.php\/informacoes-e-servicos\/#webpage\",\"url\":\"https:\/\/saec.sp.gov.br\/index.php\/informacoes-e-servicos\/\",\"name\":\"Informa\\u00e7\\u00f5es e Servi\\u00e7os - SAEC Superintendencia de Agua e Esgoto de Catanduva\",\"isPartOf\":{\"@id\":\"https:\/\/saec.sp.gov.br\/#website\"},\"primaryImageOfPage\":{\"@id\":\"https:\/\/saec.sp.gov.br\/index.php\/informacoes-e-servicos\/#primaryimage\"},\"datePublished\":\"2017-02-21T19:26:46+00:00\",\"dateModified\":\"2017-03-03T18:55:56+00:00\",\"inLanguage\":\"pt-BR\",\"potentialAction\":[{\"@type\":\"ReadAction\",\"target\":[\"https:\/\/saec.sp.gov.br\/index.php\/informacoes-e-servicos\/\"]}]}]}<\/script>\n<!-- \/ Yoast SEO plugin. -->","amp_validity":null,"amp_enabled":true,"_links":{"self":[{"href":"https:\/\/saec.sp.gov.br\/index.php\/wp-json\/wp\/v2\/pages\/841"}],"collection":[{"href":"https:\/\/saec.sp.gov.br\/index.php\/wp-json\/wp\/v2\/pages"}],"about":[{"href":"https:\/\/saec.sp.gov.br\/index.php\/wp-json\/wp\/v2\/types\/page"}],"author":[{"embeddable":true,"href":"https:\/\/saec.sp.gov.br\/index.php\/wp-json\/wp\/v2\/users\/15"}],"replies":[{"embeddable":true,"href":"https:\/\/saec.sp.gov.br\/index.php\/wp-json\/wp\/v2\/comments?post=841"}],"version-history":[{"count":9,"href":"https:\/\/saec.sp.gov.br\/index.php\/wp-json\/wp\/v2\/pages\/841\/revisions"}],"predecessor-version":[{"id":5701,"href":"https:\/\/saec.sp.gov.br\/index.php\/wp-json\/wp\/v2\/pages\/841\/revisions\/5701"}],"wp:attachment":[{"href":"https:\/\/saec.sp.gov.br\/index.php\/wp-json\/wp\/v2\/media?parent=841"}],"curies":[{"name":"wp","href":"https:\/\/api.w.org\/{rel}","templated":true}]}}