{"id":852,"date":"2017-03-02T01:17:58","date_gmt":"2017-03-02T01:17:58","guid":{"rendered":"http:\/\/saec.sp.gov.br\/?page_id=852"},"modified":"2025-02-06T14:16:19","modified_gmt":"2025-02-06T17:16:19","slug":"conheca-sua-conta-de-agua-e-esgoto","status":"publish","type":"page","link":"https:\/\/saec.sp.gov.br\/index.php\/conheca-sua-conta-de-agua-e-esgoto\/","title":{"rendered":"Conhe\u00e7a sua conta de \u00e1gua e esgoto"},"content":{"rendered":"<table style=\"height: 319px; width: 551px;\">\n<tbody>\n<tr>\n<td style=\"width: 541px;\"><img loading=\"lazy\" decoding=\"async\" class=\"alignnone wp-image-9936 size-large lazyload\" src=\"data:image\/gif;base64,R0lGODlhAQABAAAAACH5BAEKAAEALAAAAAABAAEAAAICTAEAOw==\" data-src=\"http:\/\/saec.sp.gov.br\/wp-content\/uploads\/2025\/02\/CONTA-NOVA-442x1024.png\" alt=\"\" width=\"442\" height=\"1024\" data-sizes=\"auto\" data-srcset=\"https:\/\/saec.sp.gov.br\/wp-content\/uploads\/2025\/02\/CONTA-NOVA-442x1024.png 442w, https:\/\/saec.sp.gov.br\/wp-content\/uploads\/2025\/02\/CONTA-NOVA-130x300.png 130w, https:\/\/saec.sp.gov.br\/wp-content\/uploads\/2025\/02\/CONTA-NOVA-768x1778.png 768w, https:\/\/saec.sp.gov.br\/wp-content\/uploads\/2025\/02\/CONTA-NOVA-600x1389.png 600w, https:\/\/saec.sp.gov.br\/wp-content\/uploads\/2025\/02\/CONTA-NOVA-20x46.png 20w, https:\/\/saec.sp.gov.br\/wp-content\/uploads\/2025\/02\/CONTA-NOVA.png 864w\" sizes=\"(max-width: 442px) 100vw, 442px\" \/><\/td>\n<\/tr>\n<\/tbody>\n<\/table>\n<p>&nbsp;<\/p>\n<ol>\n<li>Nome e endere\u00e7o da liga\u00e7\u00e3o de \u00e1gua<\/li>\n<li>Endere\u00e7o de entrega da conta de \u00e1gua e esgoto<\/li>\n<li><strong>C\u00f3digo de liga\u00e7\u00e3o<\/strong><\/li>\n<li>M\u00eas\/Ano de refer\u00eancia<\/li>\n<li>N\u00famero da Fatura<\/li>\n<li>Categoria<\/li>\n<li>Descri\u00e7\u00e3o dos valores\u00a0lan\u00e7ados<\/li>\n<li>Data da leitura anterior<\/li>\n<li>Data da leitura atual<\/li>\n<li><strong>Data de Vencimento<\/strong>\u00a0da fatura<\/li>\n<li><strong>Valor total a pagar<\/strong><\/li>\n<li>Leitura anterior<\/li>\n<li>Leitura atual<\/li>\n<li>Consumo real de \u00e1gua em metros c\u00fabicos<\/li>\n<li>Consumo em metros c\u00fabicos faturado<\/li>\n<li>Quantidade de dias de consumo de \u00e1gua<\/li>\n<li>M\u00e9dia em metros c\u00fabicos do consumo de \u00e1gua<\/li>\n<li>N\u00famero do Hidr\u00f4metro<\/li>\n<li>Data da pr\u00f3xima leitura<\/li>\n<li>Hist\u00f3rico dos \u00faltimos 6 meses (M\u00eas, Consumo em m3, N\u00famero de dias)<\/li>\n<li>Mensagem \u2013 Informa\u00e7\u00f5es importantes, incluindo faturas em aberto e supress\u00e3o<\/li>\n<li>Per\u00edodo da an\u00e1lise da qualidade da \u00e1gua<\/li>\n<li>An\u00e1lise da qualidade da \u00e1gua<\/li>\n<li>M\u00eas e Ano de refer\u00eancia<\/li>\n<li>N\u00famero da Fatura<\/li>\n<li><strong>Data de Vencimento<\/strong>\u00a0da fatura<\/li>\n<li><strong>Valor total a pagar<\/strong><\/li>\n<li>C\u00f3digo de barras<\/li>\n<\/ol>\n","protected":false},"excerpt":{"rendered":"<p>&nbsp; Nome e endere\u00e7o da liga\u00e7\u00e3o de \u00e1gua Endere\u00e7o de entrega da conta de \u00e1gua e esgoto C\u00f3digo de liga\u00e7\u00e3o M\u00eas\/Ano de refer\u00eancia N\u00famero da Fatura Categoria Descri\u00e7\u00e3o dos valores\u00a0lan\u00e7ados Data da leitura anterior Data da leitura atual Data de Vencimento\u00a0da fatura Valor total a pagar Leitura anterior Leitura atual Consumo real de \u00e1gua em [&hellip;]<\/p>\n","protected":false},"author":15,"featured_media":0,"parent":0,"menu_order":0,"comment_status":"closed","ping_status":"closed","template":"","meta":{"footnotes":""},"yoast_head":"<!-- This site is optimized with the Yoast SEO plugin v15.3 - https:\/\/yoast.com\/wordpress\/plugins\/seo\/ -->\n<title>Conhe\u00e7a sua conta de \u00e1gua e esgoto - SAEC Superintendencia de Agua e Esgoto de Catanduva<\/title>\n<meta name=\"robots\" content=\"index, follow, max-snippet:-1, max-image-preview:large, max-video-preview:-1\" \/>\n<link rel=\"canonical\" href=\"https:\/\/saec.sp.gov.br\/index.php\/conheca-sua-conta-de-agua-e-esgoto\/\" \/>\n<meta property=\"og:locale\" content=\"pt_BR\" \/>\n<meta property=\"og:type\" content=\"article\" \/>\n<meta property=\"og:title\" content=\"Conhe\u00e7a sua conta de \u00e1gua e esgoto - SAEC Superintendencia de Agua e Esgoto de Catanduva\" \/>\n<meta property=\"og:description\" content=\"&nbsp; Nome e endere\u00e7o da liga\u00e7\u00e3o de \u00e1gua Endere\u00e7o de entrega da conta de \u00e1gua e esgoto C\u00f3digo de liga\u00e7\u00e3o M\u00eas\/Ano de refer\u00eancia N\u00famero da Fatura Categoria Descri\u00e7\u00e3o dos valores\u00a0lan\u00e7ados Data da leitura anterior Data da leitura atual Data de Vencimento\u00a0da fatura Valor total a pagar Leitura anterior Leitura atual Consumo real de \u00e1gua em [&hellip;]\" \/>\n<meta property=\"og:url\" content=\"https:\/\/saec.sp.gov.br\/index.php\/conheca-sua-conta-de-agua-e-esgoto\/\" \/>\n<meta property=\"og:site_name\" content=\"SAEC Superintendencia de Agua e Esgoto de Catanduva\" \/>\n<meta property=\"article:modified_time\" content=\"2025-02-06T17:16:19+00:00\" \/>\n<meta property=\"og:image\" content=\"http:\/\/saec.sp.gov.br\/wp-content\/uploads\/2025\/02\/CONTA-NOVA-442x1024.png\" \/>\n<meta name=\"twitter:card\" content=\"summary\" \/>\n<meta name=\"twitter:label1\" content=\"Written by\">\n\t<meta name=\"twitter:data1\" content=\"Paulo\">\n\t<meta name=\"twitter:label2\" content=\"Est. reading time\">\n\t<meta name=\"twitter:data2\" content=\"1 minuto\">\n<script type=\"application\/ld+json\" class=\"yoast-schema-graph\">{\"@context\":\"https:\/\/schema.org\",\"@graph\":[{\"@type\":\"WebSite\",\"@id\":\"https:\/\/saec.sp.gov.br\/#website\",\"url\":\"https:\/\/saec.sp.gov.br\/\",\"name\":\"SAEC Superintendencia de Agua e Esgoto de Catanduva\",\"description\":\"SAEC\",\"potentialAction\":[{\"@type\":\"SearchAction\",\"target\":\"https:\/\/saec.sp.gov.br\/?s={search_term_string}\",\"query-input\":\"required name=search_term_string\"}],\"inLanguage\":\"pt-BR\"},{\"@type\":\"ImageObject\",\"@id\":\"https:\/\/saec.sp.gov.br\/index.php\/conheca-sua-conta-de-agua-e-esgoto\/#primaryimage\",\"inLanguage\":\"pt-BR\",\"url\":\"http:\/\/saec.sp.gov.br\/wp-content\/uploads\/2025\/02\/CONTA-NOVA-442x1024.png\"},{\"@type\":\"WebPage\",\"@id\":\"https:\/\/saec.sp.gov.br\/index.php\/conheca-sua-conta-de-agua-e-esgoto\/#webpage\",\"url\":\"https:\/\/saec.sp.gov.br\/index.php\/conheca-sua-conta-de-agua-e-esgoto\/\",\"name\":\"Conhe\\u00e7a sua conta de \\u00e1gua e esgoto - SAEC Superintendencia de Agua e Esgoto de Catanduva\",\"isPartOf\":{\"@id\":\"https:\/\/saec.sp.gov.br\/#website\"},\"primaryImageOfPage\":{\"@id\":\"https:\/\/saec.sp.gov.br\/index.php\/conheca-sua-conta-de-agua-e-esgoto\/#primaryimage\"},\"datePublished\":\"2017-03-02T01:17:58+00:00\",\"dateModified\":\"2025-02-06T17:16:19+00:00\",\"inLanguage\":\"pt-BR\",\"potentialAction\":[{\"@type\":\"ReadAction\",\"target\":[\"https:\/\/saec.sp.gov.br\/index.php\/conheca-sua-conta-de-agua-e-esgoto\/\"]}]}]}<\/script>\n<!-- \/ Yoast SEO plugin. -->","amp_validity":null,"amp_enabled":true,"_links":{"self":[{"href":"https:\/\/saec.sp.gov.br\/index.php\/wp-json\/wp\/v2\/pages\/852"}],"collection":[{"href":"https:\/\/saec.sp.gov.br\/index.php\/wp-json\/wp\/v2\/pages"}],"about":[{"href":"https:\/\/saec.sp.gov.br\/index.php\/wp-json\/wp\/v2\/types\/page"}],"author":[{"embeddable":true,"href":"https:\/\/saec.sp.gov.br\/index.php\/wp-json\/wp\/v2\/users\/15"}],"replies":[{"embeddable":true,"href":"https:\/\/saec.sp.gov.br\/index.php\/wp-json\/wp\/v2\/comments?post=852"}],"version-history":[{"count":12,"href":"https:\/\/saec.sp.gov.br\/index.php\/wp-json\/wp\/v2\/pages\/852\/revisions"}],"predecessor-version":[{"id":9938,"href":"https:\/\/saec.sp.gov.br\/index.php\/wp-json\/wp\/v2\/pages\/852\/revisions\/9938"}],"wp:attachment":[{"href":"https:\/\/saec.sp.gov.br\/index.php\/wp-json\/wp\/v2\/media?parent=852"}],"curies":[{"name":"wp","href":"https:\/\/api.w.org\/{rel}","templated":true}]}}