{"id":868,"date":"2017-03-03T18:49:32","date_gmt":"2017-03-03T18:49:32","guid":{"rendered":"http:\/\/saec.sp.gov.br\/?page_id=868"},"modified":"2023-01-04T15:28:02","modified_gmt":"2023-01-04T15:28:02","slug":"tarifas-de-agua-e-esgoto","status":"publish","type":"page","link":"https:\/\/saec.sp.gov.br\/index.php\/tarifas-de-agua-e-esgoto\/","title":{"rendered":"Tarifas de \u00e1gua e esgoto"},"content":{"rendered":"<p>[vc_row][vc_column][vc_column_text]As tarifas de \u00e1gua e esgoto s\u00e3o regulamentadas conforme\u00a0<strong>DECRETO N\u00ba 7.970 de 17 de mar\u00e7o de 2.021.<\/strong><\/p>\n<p>&nbsp;<\/p>\n<p>Tabela de Tarifas: <a href=\"http:\/\/saec.sp.gov.br\/wp-content\/uploads\/2023\/01\/tarifa-de-agua-2023.pdf\">SaecTarifa2023<\/a><\/p>\n<div id=\"icpbravoaccess_loaded\"><\/div>\n<p>[\/vc_column_text][\/vc_column][\/vc_row]<\/p>\n","protected":false},"excerpt":{"rendered":"<p>[vc_row][vc_column][vc_column_text]As tarifas de \u00e1gua e esgoto s\u00e3o regulamentadas conforme\u00a0DECRETO N\u00ba 7.970 de 17 de mar\u00e7o de 2.021. &nbsp; Tabela de Tarifas: SaecTarifa2023 [\/vc_column_text][\/vc_column][\/vc_row]<\/p>\n","protected":false},"author":15,"featured_media":0,"parent":0,"menu_order":0,"comment_status":"closed","ping_status":"closed","template":"","meta":{"footnotes":""},"yoast_head":"<!-- This site is optimized with the Yoast SEO plugin v15.3 - https:\/\/yoast.com\/wordpress\/plugins\/seo\/ -->\n<title>Tarifas de \u00e1gua e esgoto - SAEC Superintendencia de Agua e Esgoto de Catanduva<\/title>\n<meta name=\"robots\" content=\"index, follow, max-snippet:-1, max-image-preview:large, max-video-preview:-1\" \/>\n<link rel=\"canonical\" href=\"https:\/\/saec.sp.gov.br\/index.php\/tarifas-de-agua-e-esgoto\/\" \/>\n<meta property=\"og:locale\" content=\"pt_BR\" \/>\n<meta property=\"og:type\" content=\"article\" \/>\n<meta property=\"og:title\" content=\"Tarifas de \u00e1gua e esgoto - SAEC Superintendencia de Agua e Esgoto de Catanduva\" \/>\n<meta property=\"og:description\" content=\"[vc_row][vc_column][vc_column_text]As tarifas de \u00e1gua e esgoto s\u00e3o regulamentadas conforme\u00a0DECRETO N\u00ba 7.970 de 17 de mar\u00e7o de 2.021. &nbsp; Tabela de Tarifas: SaecTarifa2023 [\/vc_column_text][\/vc_column][\/vc_row]\" \/>\n<meta property=\"og:url\" content=\"https:\/\/saec.sp.gov.br\/index.php\/tarifas-de-agua-e-esgoto\/\" \/>\n<meta property=\"og:site_name\" content=\"SAEC Superintendencia de Agua e Esgoto de Catanduva\" \/>\n<meta property=\"article:modified_time\" content=\"2023-01-04T15:28:02+00:00\" \/>\n<meta name=\"twitter:card\" content=\"summary\" \/>\n<meta name=\"twitter:label1\" content=\"Written by\">\n\t<meta name=\"twitter:data1\" content=\"Paulo\">\n\t<meta name=\"twitter:label2\" content=\"Est. reading time\">\n\t<meta name=\"twitter:data2\" content=\"0 minuto\">\n<script type=\"application\/ld+json\" class=\"yoast-schema-graph\">{\"@context\":\"https:\/\/schema.org\",\"@graph\":[{\"@type\":\"WebSite\",\"@id\":\"https:\/\/saec.sp.gov.br\/#website\",\"url\":\"https:\/\/saec.sp.gov.br\/\",\"name\":\"SAEC Superintendencia de Agua e Esgoto de Catanduva\",\"description\":\"SAEC\",\"potentialAction\":[{\"@type\":\"SearchAction\",\"target\":\"https:\/\/saec.sp.gov.br\/?s={search_term_string}\",\"query-input\":\"required name=search_term_string\"}],\"inLanguage\":\"pt-BR\"},{\"@type\":\"WebPage\",\"@id\":\"https:\/\/saec.sp.gov.br\/index.php\/tarifas-de-agua-e-esgoto\/#webpage\",\"url\":\"https:\/\/saec.sp.gov.br\/index.php\/tarifas-de-agua-e-esgoto\/\",\"name\":\"Tarifas de \\u00e1gua e esgoto - SAEC Superintendencia de Agua e Esgoto de Catanduva\",\"isPartOf\":{\"@id\":\"https:\/\/saec.sp.gov.br\/#website\"},\"datePublished\":\"2017-03-03T18:49:32+00:00\",\"dateModified\":\"2023-01-04T15:28:02+00:00\",\"inLanguage\":\"pt-BR\",\"potentialAction\":[{\"@type\":\"ReadAction\",\"target\":[\"https:\/\/saec.sp.gov.br\/index.php\/tarifas-de-agua-e-esgoto\/\"]}]}]}<\/script>\n<!-- \/ Yoast SEO plugin. -->","amp_validity":null,"amp_enabled":true,"_links":{"self":[{"href":"https:\/\/saec.sp.gov.br\/index.php\/wp-json\/wp\/v2\/pages\/868"}],"collection":[{"href":"https:\/\/saec.sp.gov.br\/index.php\/wp-json\/wp\/v2\/pages"}],"about":[{"href":"https:\/\/saec.sp.gov.br\/index.php\/wp-json\/wp\/v2\/types\/page"}],"author":[{"embeddable":true,"href":"https:\/\/saec.sp.gov.br\/index.php\/wp-json\/wp\/v2\/users\/15"}],"replies":[{"embeddable":true,"href":"https:\/\/saec.sp.gov.br\/index.php\/wp-json\/wp\/v2\/comments?post=868"}],"version-history":[{"count":15,"href":"https:\/\/saec.sp.gov.br\/index.php\/wp-json\/wp\/v2\/pages\/868\/revisions"}],"predecessor-version":[{"id":5703,"href":"https:\/\/saec.sp.gov.br\/index.php\/wp-json\/wp\/v2\/pages\/868\/revisions\/5703"}],"wp:attachment":[{"href":"https:\/\/saec.sp.gov.br\/index.php\/wp-json\/wp\/v2\/media?parent=868"}],"curies":[{"name":"wp","href":"https:\/\/api.w.org\/{rel}","templated":true}]}}