{"id":870,"date":"2017-03-03T18:54:15","date_gmt":"2017-03-03T18:54:15","guid":{"rendered":"http:\/\/saec.sp.gov.br\/?page_id=870"},"modified":"2020-06-01T11:33:48","modified_gmt":"2020-06-01T11:33:48","slug":"ligacao-de-agua","status":"publish","type":"page","link":"https:\/\/saec.sp.gov.br\/index.php\/ligacao-de-agua\/","title":{"rendered":"Liga\u00e7\u00e3o de \u00e1gua"},"content":{"rendered":"<p><img loading=\"lazy\" decoding=\"async\" class=\"wp-image-875 size-full lazyload\" src=\"data:image\/gif;base64,R0lGODlhAQABAAAAACH5BAEKAAEALAAAAAABAAEAAAICTAEAOw==\" data-src=\"http:\/\/saec.sp.gov.br\/wp-content\/uploads\/2017\/03\/banner2_6399B_SAEC.jpg\" alt=\"banner2_6399b_saec\" width=\"787\" height=\"988\" data-sizes=\"auto\" data-srcset=\"https:\/\/saec.sp.gov.br\/wp-content\/uploads\/2017\/03\/banner2_6399B_SAEC.jpg 787w, https:\/\/saec.sp.gov.br\/wp-content\/uploads\/2017\/03\/banner2_6399B_SAEC-239x300.jpg 239w, https:\/\/saec.sp.gov.br\/wp-content\/uploads\/2017\/03\/banner2_6399B_SAEC-768x964.jpg 768w, https:\/\/saec.sp.gov.br\/wp-content\/uploads\/2017\/03\/banner2_6399B_SAEC-319x400.jpg 319w\" sizes=\"(max-width: 787px) 100vw, 787px\" \/><\/p>\n<p><img loading=\"lazy\" decoding=\"async\" class=\"alignleft wp-image-955 size-full lazyload\" src=\"data:image\/gif;base64,R0lGODlhAQABAAAAACH5BAEKAAEALAAAAAABAAEAAAICTAEAOw==\" data-src=\"http:\/\/saec.sp.gov.br\/wp-content\/uploads\/2017\/03\/banner-cx-protecao.jpg\" alt=\"banner-cx-protecao\" width=\"787\" height=\"948\" data-sizes=\"auto\" data-srcset=\"https:\/\/saec.sp.gov.br\/wp-content\/uploads\/2017\/03\/banner-cx-protecao.jpg 787w, https:\/\/saec.sp.gov.br\/wp-content\/uploads\/2017\/03\/banner-cx-protecao-249x300.jpg 249w, https:\/\/saec.sp.gov.br\/wp-content\/uploads\/2017\/03\/banner-cx-protecao-768x925.jpg 768w, https:\/\/saec.sp.gov.br\/wp-content\/uploads\/2017\/03\/banner-cx-protecao-332x400.jpg 332w\" sizes=\"(max-width: 787px) 100vw, 787px\" \/><\/p>\n<p>&nbsp;<\/p>\n<p>&nbsp;<\/p>\n<p>&nbsp;<\/p>\n<p><img loading=\"lazy\" decoding=\"async\" class=\"alignright size-full wp-image-2412 lazyload\" src=\"data:image\/gif;base64,R0lGODlhAQABAAAAACH5BAEKAAEALAAAAAABAAEAAAICTAEAOw==\" data-src=\"http:\/\/saec.sp.gov.br\/wp-content\/uploads\/2017\/03\/cxretencao.jpg\" alt=\"cxretencao\" width=\"787\" height=\"963\" data-sizes=\"auto\" data-srcset=\"https:\/\/saec.sp.gov.br\/wp-content\/uploads\/2017\/03\/cxretencao.jpg 787w, https:\/\/saec.sp.gov.br\/wp-content\/uploads\/2017\/03\/cxretencao-245x300.jpg 245w, https:\/\/saec.sp.gov.br\/wp-content\/uploads\/2017\/03\/cxretencao-768x940.jpg 768w, https:\/\/saec.sp.gov.br\/wp-content\/uploads\/2017\/03\/cxretencao-327x400.jpg 327w\" sizes=\"(max-width: 787px) 100vw, 787px\" \/><\/p>\n<p>&nbsp;<\/p>\n<p>&nbsp;<\/p>\n<p>&nbsp;<\/p>\n<p>&nbsp;<\/p>\n<p>&nbsp;<\/p>\n<p>&nbsp;<\/p>\n<p>&nbsp;<\/p>\n<div id=\"icpbravoaccess_loaded\"><\/div>\n<div id=\"icpbravoaccess_loaded\"><\/div>\n<div id=\"icpbravoaccess_loaded\"><\/div>\n<div id=\"icpbravoaccess_loaded\"><\/div>\n","protected":false},"excerpt":{"rendered":"<p>&nbsp; &nbsp; &nbsp; &nbsp; &nbsp; &nbsp; &nbsp; &nbsp; &nbsp; &nbsp;<\/p>\n","protected":false},"author":15,"featured_media":0,"parent":0,"menu_order":0,"comment_status":"closed","ping_status":"closed","template":"","meta":{"footnotes":""},"yoast_head":"<!-- This site is optimized with the Yoast SEO plugin v15.3 - https:\/\/yoast.com\/wordpress\/plugins\/seo\/ -->\n<title>Liga\u00e7\u00e3o de \u00e1gua - SAEC Superintendencia de Agua e Esgoto de Catanduva<\/title>\n<meta name=\"robots\" content=\"index, follow, max-snippet:-1, max-image-preview:large, max-video-preview:-1\" \/>\n<link rel=\"canonical\" href=\"https:\/\/saec.sp.gov.br\/index.php\/ligacao-de-agua\/\" \/>\n<meta property=\"og:locale\" content=\"pt_BR\" \/>\n<meta property=\"og:type\" content=\"article\" \/>\n<meta property=\"og:title\" content=\"Liga\u00e7\u00e3o de \u00e1gua - SAEC Superintendencia de Agua e Esgoto de Catanduva\" \/>\n<meta property=\"og:description\" content=\"&nbsp; &nbsp; &nbsp; &nbsp; &nbsp; &nbsp; &nbsp; &nbsp; &nbsp; &nbsp;\" \/>\n<meta property=\"og:url\" content=\"https:\/\/saec.sp.gov.br\/index.php\/ligacao-de-agua\/\" \/>\n<meta property=\"og:site_name\" content=\"SAEC Superintendencia de Agua e Esgoto de Catanduva\" \/>\n<meta property=\"article:modified_time\" content=\"2020-06-01T11:33:48+00:00\" \/>\n<meta property=\"og:image\" content=\"http:\/\/saec.sp.gov.br\/wp-content\/uploads\/2017\/03\/banner2_6399B_SAEC.jpg\" \/>\n<meta name=\"twitter:card\" content=\"summary\" \/>\n<meta name=\"twitter:label1\" content=\"Written by\">\n\t<meta name=\"twitter:data1\" content=\"Paulo\">\n\t<meta name=\"twitter:label2\" content=\"Est. reading time\">\n\t<meta name=\"twitter:data2\" content=\"0 minuto\">\n<script type=\"application\/ld+json\" class=\"yoast-schema-graph\">{\"@context\":\"https:\/\/schema.org\",\"@graph\":[{\"@type\":\"WebSite\",\"@id\":\"https:\/\/saec.sp.gov.br\/#website\",\"url\":\"https:\/\/saec.sp.gov.br\/\",\"name\":\"SAEC Superintendencia de Agua e Esgoto de Catanduva\",\"description\":\"SAEC\",\"potentialAction\":[{\"@type\":\"SearchAction\",\"target\":\"https:\/\/saec.sp.gov.br\/?s={search_term_string}\",\"query-input\":\"required name=search_term_string\"}],\"inLanguage\":\"pt-BR\"},{\"@type\":\"ImageObject\",\"@id\":\"https:\/\/saec.sp.gov.br\/index.php\/ligacao-de-agua\/#primaryimage\",\"inLanguage\":\"pt-BR\",\"url\":\"http:\/\/saec.sp.gov.br\/wp-content\/uploads\/2017\/03\/banner2_6399B_SAEC.jpg\"},{\"@type\":\"WebPage\",\"@id\":\"https:\/\/saec.sp.gov.br\/index.php\/ligacao-de-agua\/#webpage\",\"url\":\"https:\/\/saec.sp.gov.br\/index.php\/ligacao-de-agua\/\",\"name\":\"Liga\\u00e7\\u00e3o de \\u00e1gua - SAEC Superintendencia de Agua e Esgoto de Catanduva\",\"isPartOf\":{\"@id\":\"https:\/\/saec.sp.gov.br\/#website\"},\"primaryImageOfPage\":{\"@id\":\"https:\/\/saec.sp.gov.br\/index.php\/ligacao-de-agua\/#primaryimage\"},\"datePublished\":\"2017-03-03T18:54:15+00:00\",\"dateModified\":\"2020-06-01T11:33:48+00:00\",\"inLanguage\":\"pt-BR\",\"potentialAction\":[{\"@type\":\"ReadAction\",\"target\":[\"https:\/\/saec.sp.gov.br\/index.php\/ligacao-de-agua\/\"]}]}]}<\/script>\n<!-- \/ Yoast SEO plugin. -->","amp_validity":null,"amp_enabled":true,"_links":{"self":[{"href":"https:\/\/saec.sp.gov.br\/index.php\/wp-json\/wp\/v2\/pages\/870"}],"collection":[{"href":"https:\/\/saec.sp.gov.br\/index.php\/wp-json\/wp\/v2\/pages"}],"about":[{"href":"https:\/\/saec.sp.gov.br\/index.php\/wp-json\/wp\/v2\/types\/page"}],"author":[{"embeddable":true,"href":"https:\/\/saec.sp.gov.br\/index.php\/wp-json\/wp\/v2\/users\/15"}],"replies":[{"embeddable":true,"href":"https:\/\/saec.sp.gov.br\/index.php\/wp-json\/wp\/v2\/comments?post=870"}],"version-history":[{"count":9,"href":"https:\/\/saec.sp.gov.br\/index.php\/wp-json\/wp\/v2\/pages\/870\/revisions"}],"predecessor-version":[{"id":2414,"href":"https:\/\/saec.sp.gov.br\/index.php\/wp-json\/wp\/v2\/pages\/870\/revisions\/2414"}],"wp:attachment":[{"href":"https:\/\/saec.sp.gov.br\/index.php\/wp-json\/wp\/v2\/media?parent=870"}],"curies":[{"name":"wp","href":"https:\/\/api.w.org\/{rel}","templated":true}]}}