{"id":886,"date":"2017-03-07T13:28:20","date_gmt":"2017-03-07T13:28:20","guid":{"rendered":"http:\/\/saec.sp.gov.br\/?page_id=886"},"modified":"2018-07-30T13:10:50","modified_gmt":"2018-07-30T13:10:50","slug":"estacao-de-tratamento-de-esgoto-de-catanduva","status":"publish","type":"page","link":"https:\/\/saec.sp.gov.br\/index.php\/estacao-de-tratamento-de-esgoto-de-catanduva\/","title":{"rendered":"Esta\u00e7\u00e3o de tratamento de esgoto de Catanduva"},"content":{"rendered":"<p>[vc_row][vc_column][vc_column_text]<\/p>\n<p><img loading=\"lazy\" decoding=\"async\" class=\"alignright wp-image-904 size-medium lazyload\" src=\"data:image\/gif;base64,R0lGODlhAQABAAAAACH5BAEKAAEALAAAAAABAAEAAAICTAEAOw==\" data-src=\"http:\/\/saec.sp.gov.br\/wp-content\/uploads\/2017\/03\/ETE-2-300x200.jpg\" alt=\"ETE\" width=\"300\" height=\"200\" data-sizes=\"auto\" data-srcset=\"https:\/\/saec.sp.gov.br\/wp-content\/uploads\/2017\/03\/ETE-2-300x200.jpg 300w, https:\/\/saec.sp.gov.br\/wp-content\/uploads\/2017\/03\/ETE-2.jpg 567w\" sizes=\"(max-width: 300px) 100vw, 300px\" \/><\/p>\n<p>O esgoto produzido na cidade \u00e9 coletado pelas redes coletoras e transportado at\u00e9 a esta\u00e7\u00e3o elevat\u00f3ria de esgotos brutos &#8211; EEEB &#8211; por um sistema de coletores-tronco e interceptores, constru\u00eddos ao longo dos cursos d\u00b4\u00e1gua secund\u00e1rios que cruzam a cidade e, emiss\u00e1rio final, ao longo do Rio S\u00e3o Domingos. Na entrada da EEEB os efluentes passam por grades mecanizadas de barras verticais, espa\u00e7adas de 3cm e inclinadas a 75\u00ba, para a reten\u00e7\u00e3o dos s\u00f3lidos grosseiros, antes de ser bombeado para a esta\u00e7\u00e3o de tratamento de esgotos &#8211; ETE. Este gradeamento \u00e9 efetuado para a prote\u00e7\u00e3o das 4 (quatro) bombas submers\u00edveis, com pot\u00eancia de 250\u00a0CV cada uma, instaladas na EEEB e que promovem a condu\u00e7\u00e3o dos esgotos at\u00e9 o tratamento. Os s\u00f3lidos retidos s\u00e3o enviados para aterro sanit\u00e1rio.<\/p>\n<p>Na ETE, o efluente passa inicialmente por um tratamento preliminar, composto por outro gradeamento, este com espa\u00e7amento entre barras de 12mm, onde s\u00e3o retidos os s\u00f3lidos de menores dimens\u00f5es ainda presentes, um canal onde \u00e9 feita a medi\u00e7\u00e3o da vaz\u00e3o atrav\u00e9s de medidor Parshall e, finalmente, por dois desarenadores onde \u00e9 feita a reten\u00e7\u00e3o de areia. Os desarenadores s\u00e3o dotados de removedores circulares e extratores de areia do tipo parafuso. Ap\u00f3s a desarena\u00e7\u00e3o o efluente \u00e9 conduzido para duas lagoas aeradas para o tratamento biol\u00f3gico propriamente dito.<\/p>\n<p>O processo de tratamento \u00e9 o de lagoas aeradas seguidas de lagoas de sedimenta\u00e7\u00e3o. O sistema de aera\u00e7\u00e3o \u00e9 por ar difuso, com difusores de bolhas finas do tipo de membranas flex\u00edveis montados em cadeias flutuantes e oscilantes, alimentadas com ar comprimido proveniente da Casa dos Sopradores, atrav\u00e9s de 7 (sete) sopradores &#8220;Roots&#8221; de 150 CV cada um, sendo 3 (tr\u00eas) para cada lagoa aerada e um para reserva. A aera\u00e7\u00e3o \u00e9 controlada por sondas de oxig\u00eanio dissolvido instaladas nas lagoas e que regulam a quantidade e a rota\u00e7\u00e3o dos sopradores em opera\u00e7\u00e3o, para manuten\u00e7\u00e3o de um teor de oxig\u00eanio pr\u00e9-estabelecido. Nestas lagoas aeradas \u00e9 promovida a fase aer\u00f3bia do processo de tratamento onde ocorre a oxida\u00e7\u00e3o da mat\u00e9ria org\u00e2nica presente no esgoto.<\/p>\n<p>Das lagoas aeradas o efluente \u00e9 enviado para duas lagoas de sedimenta\u00e7\u00e3o onde ocorre a decanta\u00e7\u00e3o dos s\u00f3lidos suspensos para a sua estocagem e estabiliza\u00e7\u00e3o no fundo das lagoas na forma de lodo. Dessas lagoas o efluente l\u00edquido tratado \u00e9 enviado para uma escada hidr\u00e1ulica para a p\u00f3s-aera\u00e7\u00e3o, antes do lan\u00e7amento final no Rio S\u00e3o Domingos, com remo\u00e7\u00e3o de DBO (Demanda Bioqu\u00edmica de Oxig\u00eanio) da ordem de 90%. O efluente tratado \u00e9 lan\u00e7ado com teor de\u00a0 7 (sete) mg\/L de oxig\u00eanio dissolvido.<\/p>\n<p>Futuramente a esta\u00e7\u00e3o de tratamento ser\u00e1 dotada de um sistema de remo\u00e7\u00e3o e desidrata\u00e7\u00e3o mec\u00e2nica do lodo acumulado que ser\u00e1, posteriormente, enviado para disposi\u00e7\u00e3o final em aterro sanit\u00e1rio.<\/p>\n<p>A capacidade da ETE \u00e9 de 445L\/s, suficientes para o atendimento de uma popula\u00e7\u00e3o de at\u00e9 180 mil pessoas. Est\u00e1 localizada \u00e0 margem da Rodovia Vicinal Vicente Sanches, Km 5, no sentido de Catanduva para Catigu\u00e1.<\/p>\n<p>As obras dos coletores, emiss\u00e1rio e da esta\u00e7\u00e3o, esta constru\u00edda com recursos do PAC, a fundo perdido, custaram um total de aproximadamente 40 milh\u00f5es de reais (valores de 2012).<\/p>\n<p><strong>Localiza\u00e7\u00e3o:<\/strong>A ETE fica localizada na Rodovia Vicinal Vicente Sanches, Km 5, sentido Catanduva \u00e1 Catigu\u00e1.[\/vc_column_text][\/vc_column][\/vc_row][vc_row][vc_column][vc_gallery interval=&#8221;3&#8243; images=&#8221;907,1779,1780,904&#8243; img_size=&#8221;full&#8221; title=&#8221;ETE &#8211; Galeria de fotos&#8221;][\/vc_column][\/vc_row]<\/p>\n","protected":false},"excerpt":{"rendered":"<p>[vc_row][vc_column][vc_column_text] O esgoto produzido na cidade \u00e9 coletado pelas redes coletoras e transportado at\u00e9 a esta\u00e7\u00e3o elevat\u00f3ria de esgotos brutos &#8211; EEEB &#8211; por um sistema de coletores-tronco e interceptores, constru\u00eddos ao longo dos cursos d\u00b4\u00e1gua secund\u00e1rios que cruzam a cidade e, emiss\u00e1rio final, ao longo do Rio S\u00e3o Domingos. Na entrada da EEEB os [&hellip;]<\/p>\n","protected":false},"author":15,"featured_media":772,"parent":0,"menu_order":0,"comment_status":"closed","ping_status":"closed","template":"","meta":{"footnotes":""},"yoast_head":"<!-- This site is optimized with the Yoast SEO plugin v15.3 - https:\/\/yoast.com\/wordpress\/plugins\/seo\/ -->\n<title>Esta\u00e7\u00e3o de tratamento de esgoto de Catanduva - SAEC Superintendencia de Agua e Esgoto de Catanduva<\/title>\n<meta name=\"robots\" content=\"index, follow, max-snippet:-1, max-image-preview:large, max-video-preview:-1\" \/>\n<link rel=\"canonical\" href=\"https:\/\/saec.sp.gov.br\/index.php\/estacao-de-tratamento-de-esgoto-de-catanduva\/\" \/>\n<meta property=\"og:locale\" content=\"pt_BR\" \/>\n<meta property=\"og:type\" content=\"article\" \/>\n<meta property=\"og:title\" content=\"Esta\u00e7\u00e3o de tratamento de esgoto de Catanduva - SAEC Superintendencia de Agua e Esgoto de Catanduva\" \/>\n<meta property=\"og:description\" content=\"[vc_row][vc_column][vc_column_text] O esgoto produzido na cidade \u00e9 coletado pelas redes coletoras e transportado at\u00e9 a esta\u00e7\u00e3o elevat\u00f3ria de esgotos brutos &#8211; EEEB &#8211; por um sistema de coletores-tronco e interceptores, constru\u00eddos ao longo dos cursos d\u00b4\u00e1gua secund\u00e1rios que cruzam a cidade e, emiss\u00e1rio final, ao longo do Rio S\u00e3o Domingos. Na entrada da EEEB os [&hellip;]\" \/>\n<meta property=\"og:url\" content=\"https:\/\/saec.sp.gov.br\/index.php\/estacao-de-tratamento-de-esgoto-de-catanduva\/\" \/>\n<meta property=\"og:site_name\" content=\"SAEC Superintendencia de Agua e Esgoto de Catanduva\" \/>\n<meta property=\"article:modified_time\" content=\"2018-07-30T13:10:50+00:00\" \/>\n<meta property=\"og:image\" content=\"https:\/\/saec.sp.gov.br\/wp-content\/uploads\/2017\/02\/ete.jpg\" \/>\n\t<meta property=\"og:image:width\" content=\"1024\" \/>\n\t<meta property=\"og:image:height\" content=\"575\" \/>\n<meta name=\"twitter:card\" content=\"summary\" \/>\n<meta name=\"twitter:label1\" content=\"Written by\">\n\t<meta name=\"twitter:data1\" content=\"Paulo\">\n\t<meta name=\"twitter:label2\" content=\"Est. reading time\">\n\t<meta name=\"twitter:data2\" content=\"2 minutos\">\n<script type=\"application\/ld+json\" class=\"yoast-schema-graph\">{\"@context\":\"https:\/\/schema.org\",\"@graph\":[{\"@type\":\"WebSite\",\"@id\":\"https:\/\/saec.sp.gov.br\/#website\",\"url\":\"https:\/\/saec.sp.gov.br\/\",\"name\":\"SAEC Superintendencia de Agua e Esgoto de Catanduva\",\"description\":\"SAEC\",\"potentialAction\":[{\"@type\":\"SearchAction\",\"target\":\"https:\/\/saec.sp.gov.br\/?s={search_term_string}\",\"query-input\":\"required name=search_term_string\"}],\"inLanguage\":\"pt-BR\"},{\"@type\":\"ImageObject\",\"@id\":\"https:\/\/saec.sp.gov.br\/index.php\/estacao-de-tratamento-de-esgoto-de-catanduva\/#primaryimage\",\"inLanguage\":\"pt-BR\",\"url\":\"https:\/\/saec.sp.gov.br\/wp-content\/uploads\/2017\/02\/ete.jpg\",\"width\":1024,\"height\":575},{\"@type\":\"WebPage\",\"@id\":\"https:\/\/saec.sp.gov.br\/index.php\/estacao-de-tratamento-de-esgoto-de-catanduva\/#webpage\",\"url\":\"https:\/\/saec.sp.gov.br\/index.php\/estacao-de-tratamento-de-esgoto-de-catanduva\/\",\"name\":\"Esta\\u00e7\\u00e3o de tratamento de esgoto de Catanduva - SAEC Superintendencia de Agua e Esgoto de Catanduva\",\"isPartOf\":{\"@id\":\"https:\/\/saec.sp.gov.br\/#website\"},\"primaryImageOfPage\":{\"@id\":\"https:\/\/saec.sp.gov.br\/index.php\/estacao-de-tratamento-de-esgoto-de-catanduva\/#primaryimage\"},\"datePublished\":\"2017-03-07T13:28:20+00:00\",\"dateModified\":\"2018-07-30T13:10:50+00:00\",\"inLanguage\":\"pt-BR\",\"potentialAction\":[{\"@type\":\"ReadAction\",\"target\":[\"https:\/\/saec.sp.gov.br\/index.php\/estacao-de-tratamento-de-esgoto-de-catanduva\/\"]}]}]}<\/script>\n<!-- \/ Yoast SEO plugin. -->","amp_validity":null,"amp_enabled":true,"_links":{"self":[{"href":"https:\/\/saec.sp.gov.br\/index.php\/wp-json\/wp\/v2\/pages\/886"}],"collection":[{"href":"https:\/\/saec.sp.gov.br\/index.php\/wp-json\/wp\/v2\/pages"}],"about":[{"href":"https:\/\/saec.sp.gov.br\/index.php\/wp-json\/wp\/v2\/types\/page"}],"author":[{"embeddable":true,"href":"https:\/\/saec.sp.gov.br\/index.php\/wp-json\/wp\/v2\/users\/15"}],"replies":[{"embeddable":true,"href":"https:\/\/saec.sp.gov.br\/index.php\/wp-json\/wp\/v2\/comments?post=886"}],"version-history":[{"count":6,"href":"https:\/\/saec.sp.gov.br\/index.php\/wp-json\/wp\/v2\/pages\/886\/revisions"}],"predecessor-version":[{"id":1781,"href":"https:\/\/saec.sp.gov.br\/index.php\/wp-json\/wp\/v2\/pages\/886\/revisions\/1781"}],"wp:featuredmedia":[{"embeddable":true,"href":"https:\/\/saec.sp.gov.br\/index.php\/wp-json\/wp\/v2\/media\/772"}],"wp:attachment":[{"href":"https:\/\/saec.sp.gov.br\/index.php\/wp-json\/wp\/v2\/media?parent=886"}],"curies":[{"name":"wp","href":"https:\/\/api.w.org\/{rel}","templated":true}]}}